{"id":40258,"date":"2025-10-30T11:39:03","date_gmt":"2025-10-30T10:39:03","guid":{"rendered":"https:\/\/tomashernan.com\/join-the-team\/"},"modified":"2026-02-26T10:13:44","modified_gmt":"2026-02-26T09:13:44","slug":"join-the-team","status":"publish","type":"page","link":"https:\/\/tomashernan.com\/en\/join-the-team\/","title":{"rendered":"Join the team"},"content":{"rendered":"\t\t<div data-elementor-type=\"wp-page\" data-elementor-id=\"40258\" class=\"elementor elementor-40258 elementor-38364\" data-elementor-post-type=\"page\">\n\t\t\t\t<div class=\"elementor-element elementor-element-643793d e-flex e-con-boxed e-con e-parent\" data-id=\"643793d\" data-element_type=\"container\" data-e-type=\"container\" data-settings=\"{&quot;background_background&quot;:&quot;classic&quot;}\">\n\t\t\t\t\t<div class=\"e-con-inner\">\n\t\t\t\t<div class=\"elementor-element elementor-element-50a1fe6 elementor-absolute elementor-widget elementor-widget-image\" data-id=\"50a1fe6\" data-element_type=\"widget\" data-e-type=\"widget\" data-settings=\"{&quot;_position&quot;:&quot;absolute&quot;}\" data-widget_type=\"image.default\">\n\t\t\t\t\t\t\t\t\t\t\t\t\t\t\t<img decoding=\"async\" width=\"45\" height=\"414\" src=\"https:\/\/tomashernan.com\/wp-content\/uploads\/2025\/09\/puntos.svg\" class=\"attachment-large size-large wp-image-40191\" alt=\"\" \/>\t\t\t\t\t\t\t\t\t\t\t\t\t\t\t<\/div>\n\t\t\t\t<div class=\"elementor-element elementor-element-fbf7c82 elementor-absolute elementor-widget elementor-widget-image\" data-id=\"fbf7c82\" data-element_type=\"widget\" data-e-type=\"widget\" data-settings=\"{&quot;_position&quot;:&quot;absolute&quot;}\" data-widget_type=\"image.default\">\n\t\t\t\t\t\t\t\t\t\t\t\t\t\t\t<img decoding=\"async\" width=\"45\" height=\"414\" src=\"https:\/\/tomashernan.com\/wp-content\/uploads\/2025\/09\/puntos.svg\" class=\"attachment-large size-large wp-image-40191\" alt=\"\" \/>\t\t\t\t\t\t\t\t\t\t\t\t\t\t\t<\/div>\n\t\t<div class=\"elementor-element elementor-element-5794445 e-flex e-con-boxed e-con e-child\" data-id=\"5794445\" data-element_type=\"container\" data-e-type=\"container\">\n\t\t\t\t\t<div class=\"e-con-inner\">\n\t\t\t\t<div class=\"elementor-element elementor-element-128e397 elementor-widget elementor-widget-heading\" data-id=\"128e397\" data-element_type=\"widget\" data-e-type=\"widget\" data-widget_type=\"heading.default\">\n\t\t\t\t\t<h1 class=\"elementor-heading-title elementor-size-default\">Join the TH team<\/h1>\t\t\t\t<\/div>\n\t\t\t\t<div class=\"elementor-element elementor-element-51212bf elementor-widget elementor-widget-heading\" data-id=\"51212bf\" data-element_type=\"widget\" data-e-type=\"widget\" data-widget_type=\"heading.default\">\n\t\t\t\t\t<h2 class=\"elementor-heading-title elementor-size-default\">Grow with us<\/h2>\t\t\t\t<\/div>\n\t\t\t\t<div class=\"elementor-element elementor-element-33c6e8f elementor-widget__width-initial elementor-widget elementor-widget-text-editor\" data-id=\"33c6e8f\" data-element_type=\"widget\" data-e-type=\"widget\" data-widget_type=\"text-editor.default\">\n\t\t\t\t\t\t\t\t\t<p><span style=\"font-weight: 400;\">At Dr. Hern\u00e1n&#8217;s Dental Clinic, we are looking for committed professionals with a vocation and a desire to continue growing. We believe in teamwork, continuous training, and a professional environment where you can develop your career and offer the best patient care. <\/span><\/p>\t\t\t\t\t\t\t\t<\/div>\n\t\t\t\t\t<\/div>\n\t\t\t\t<\/div>\n\t\t\t\t\t<\/div>\n\t\t\t\t<\/div>\n\t\t<div class=\"elementor-element elementor-element-d83a8dc e-flex e-con-boxed e-con e-parent\" data-id=\"d83a8dc\" data-element_type=\"container\" data-e-type=\"container\" data-settings=\"{&quot;background_background&quot;:&quot;classic&quot;}\">\n\t\t\t\t\t<div class=\"e-con-inner\">\n\t\t<div class=\"elementor-element elementor-element-b94291a e-con-full e-flex e-con e-child\" data-id=\"b94291a\" data-element_type=\"container\" data-e-type=\"container\" data-settings=\"{&quot;background_background&quot;:&quot;classic&quot;}\">\n\t\t\t\t<div class=\"elementor-element elementor-element-5561cda elementor-widget elementor-widget-heading\" data-id=\"5561cda\" data-element_type=\"widget\" data-e-type=\"widget\" data-widget_type=\"heading.default\">\n\t\t\t\t\t<p class=\"elementor-heading-title elementor-size-default\">If you would like to be part of TH, please fill out the form and attach your CV.\n<\/p>\t\t\t\t<\/div>\n\t\t\t\t<div class=\"elementor-element elementor-element-ae61ae2 elementor-button-align-stretch elementor-widget elementor-widget-form\" data-id=\"ae61ae2\" data-element_type=\"widget\" data-e-type=\"widget\" data-settings=\"{&quot;step_next_label&quot;:&quot;Next&quot;,&quot;step_previous_label&quot;:&quot;Previous&quot;,&quot;button_width&quot;:&quot;100&quot;,&quot;step_type&quot;:&quot;number_text&quot;,&quot;step_icon_shape&quot;:&quot;circle&quot;}\" data-widget_type=\"form.default\">\n\t\t\t\t\t\t\t<form class=\"elementor-form\" method=\"post\" name=\"New form\" aria-label=\"New form\">\n\t\t\t<input type=\"hidden\" name=\"post_id\" value=\"40258\"\/>\n\t\t\t<input type=\"hidden\" name=\"form_id\" value=\"ae61ae2\"\/>\n\t\t\t<input type=\"hidden\" name=\"referer_title\" value=\"EMERGENCY DENTIST MADRID | DR. HERN\u00c1N DENTAL CLINIC\" \/>\n\n\t\t\t\t\t\t\t<input type=\"hidden\" name=\"queried_id\" value=\"40258\"\/>\n\t\t\t\n\t\t\t<div class=\"elementor-form-fields-wrapper elementor-labels-\">\n\t\t\t\t\t\t\t\t<div class=\"elementor-field-type-text elementor-field-group elementor-column elementor-field-group-name elementor-col-50 elementor-field-required\">\n\t\t\t\t\t\t\t\t\t\t\t\t<label for=\"form-field-name\" class=\"elementor-field-label elementor-screen-only\">\n\t\t\t\t\t\t\t\tFirst name\t\t\t\t\t\t\t<\/label>\n\t\t\t\t\t\t\t\t\t\t\t\t\t\t<input size=\"1\" type=\"text\" name=\"form_fields[name]\" id=\"form-field-name\" class=\"elementor-field elementor-size-sm  elementor-field-textual\" placeholder=\"First name\" required=\"required\">\n\t\t\t\t\t\t\t\t\t\t\t<\/div>\n\t\t\t\t\t\t\t\t<div class=\"elementor-field-type-text elementor-field-group elementor-column elementor-field-group-apellidos elementor-col-50 elementor-field-required\">\n\t\t\t\t\t\t\t\t\t\t\t\t<label for=\"form-field-apellidos\" class=\"elementor-field-label elementor-screen-only\">\n\t\t\t\t\t\t\t\tLast name\t\t\t\t\t\t\t<\/label>\n\t\t\t\t\t\t\t\t\t\t\t\t\t\t<input size=\"1\" type=\"text\" name=\"form_fields[apellidos]\" id=\"form-field-apellidos\" class=\"elementor-field elementor-size-sm  elementor-field-textual\" placeholder=\"Last name\" required=\"required\">\n\t\t\t\t\t\t\t\t\t\t\t<\/div>\n\t\t\t\t\t\t\t\t<div class=\"elementor-field-type-tel elementor-field-group elementor-column elementor-field-group-telefono elementor-col-50 elementor-field-required\">\n\t\t\t\t\t\t\t\t\t\t\t\t<label for=\"form-field-telefono\" class=\"elementor-field-label elementor-screen-only\">\n\t\t\t\t\t\t\t\tPhone\t\t\t\t\t\t\t<\/label>\n\t\t\t\t\t\t\t\t<input size=\"1\" type=\"tel\" name=\"form_fields[telefono]\" id=\"form-field-telefono\" class=\"elementor-field elementor-size-sm  elementor-field-textual\" placeholder=\"Phone\" required=\"required\" pattern=\"[0-9()#&amp;+*-=.]+\" title=\"Only numbers and phone characters (#, -, *, etc) are accepted.\">\n\n\t\t\t\t\t\t<\/div>\n\t\t\t\t\t\t\t\t<div class=\"elementor-field-type-email elementor-field-group elementor-column elementor-field-group-email elementor-col-50 elementor-field-required\">\n\t\t\t\t\t\t\t\t\t\t\t\t<label for=\"form-field-email\" class=\"elementor-field-label elementor-screen-only\">\n\t\t\t\t\t\t\t\tEmail\t\t\t\t\t\t\t<\/label>\n\t\t\t\t\t\t\t\t\t\t\t\t\t\t<input size=\"1\" type=\"email\" name=\"form_fields[email]\" id=\"form-field-email\" class=\"elementor-field elementor-size-sm  elementor-field-textual\" placeholder=\"Email\" required=\"required\">\n\t\t\t\t\t\t\t\t\t\t\t<\/div>\n\t\t\t\t\t\t\t\t<div class=\"elementor-field-type-html elementor-field-group elementor-column elementor-field-group-field_aad0286 elementor-col-100\">\n\t\t\t\t\tAttach your CV\t\t\t\t<\/div>\n\t\t\t\t\t\t\t\t<div class=\"elementor-field-type-upload elementor-field-group elementor-column elementor-field-group-cv_adjunto elementor-col-100 elementor-field-required\">\n\t\t\t\t\t\t\t\t\t\t\t\t<label for=\"form-field-cv_adjunto\" class=\"elementor-field-label elementor-screen-only\">\n\t\t\t\t\t\t\t\tAttach your CV\t\t\t\t\t\t\t<\/label>\n\t\t\t\t\t\t\t\t<input type=\"file\" name=\"form_fields[cv_adjunto]\" id=\"form-field-cv_adjunto\" class=\"elementor-field elementor-size-sm  elementor-upload-field\" required=\"required\" data-maxsize=\"2\" data-maxsize-message=\"This file exceeds the maximum allowed size.\">\n\n\t\t\t\t\t\t<\/div>\n\t\t\t\t\t\t\t\t<div class=\"elementor-field-type-acceptance elementor-field-group elementor-column elementor-field-group-field_c79611b elementor-col-100 elementor-field-required\">\n\t\t\t\t\t\t\t\t\t\t\t\t<label for=\"form-field-field_c79611b\" class=\"elementor-field-label elementor-screen-only\">\n\t\t\t\t\t\t\t\tData Protection Act\t\t\t\t\t\t\t<\/label>\n\t\t\t\t\t\t\t\t<div class=\"elementor-field-subgroup\">\n\t\t\t<span class=\"elementor-field-option\">\n\t\t\t\t<input type=\"checkbox\" name=\"form_fields[field_c79611b]\" id=\"form-field-field_c79611b\" class=\"elementor-field elementor-size-sm  elementor-acceptance-field\" required=\"required\">\n\t\t\t\t<label for=\"form-field-field_c79611b\">I have read and accept the <a href=\"https:\/\/tomashernan.com\/en\/privacy-policy\/\" style=\"color:#000;\"><u>Privacy Policy<\/u><\/a><\/label>\t\t\t<\/span>\n\t\t<\/div>\n\t\t\t\t\t\t<\/div>\n\t\t\t\t\t\t\t\t<div class=\"elementor-field-type-recaptcha_v3 elementor-field-group elementor-column elementor-field-group-field_15d192b elementor-col-100 recaptcha_v3-bottomright\">\n\t\t\t\t\t<div class=\"elementor-field\" id=\"form-field-field_15d192b\"><div class=\"elementor-g-recaptcha\" data-sitekey=\"6LcYRLQdAAAAAAv6cpnzv9gXCGvUYr_WYL9q7T9O\" data-type=\"v3\" data-action=\"Form\" data-badge=\"bottomright\" data-size=\"invisible\"><\/div><\/div>\t\t\t\t<\/div>\n\t\t\t\t\t\t\t\t<div class=\"elementor-field-group elementor-column elementor-field-type-submit elementor-col-100 e-form__buttons\">\n\t\t\t\t\t<button class=\"elementor-button elementor-size-sm\" type=\"submit\">\n\t\t\t\t\t\t<span class=\"elementor-button-content-wrapper\">\n\t\t\t\t\t\t\t\t\t\t\t\t\t\t\t\t\t\t\t\t\t\t<span class=\"elementor-button-text\">Send<\/span>\n\t\t\t\t\t\t\t\t\t\t\t\t\t<\/span>\n\t\t\t\t\t<\/button>\n\t\t\t\t<\/div>\n\t\t\t<\/div>\n\t\t<\/form>\n\t\t\t\t\t\t<\/div>\n\t\t\t\t<\/div>\n\t\t\t\t\t<\/div>\n\t\t\t\t<\/div>\n\t\t<div class=\"elementor-element elementor-element-1f17c79 e-flex e-con-boxed e-con e-parent\" data-id=\"1f17c79\" data-element_type=\"container\" data-e-type=\"container\">\n\t\t\t\t\t<div class=\"e-con-inner\">\n\t\t\t\t<div class=\"elementor-element elementor-element-d1d9c35 elementor-widget elementor-widget-image\" data-id=\"d1d9c35\" data-element_type=\"widget\" data-e-type=\"widget\" data-widget_type=\"image.default\">\n\t\t\t\t\t\t\t\t\t\t\t\t\t\t\t<img fetchpriority=\"high\" decoding=\"async\" width=\"768\" height=\"401\" src=\"https:\/\/tomashernan.com\/wp-content\/uploads\/2026\/02\/Linkedin-TH-3-768x401.png\" class=\"attachment-medium_large size-medium_large wp-image-40630\" alt=\"oferta laboral carabanchel\" srcset=\"https:\/\/tomashernan.com\/wp-content\/uploads\/2026\/02\/Linkedin-TH-3-768x401.png 768w, https:\/\/tomashernan.com\/wp-content\/uploads\/2026\/02\/Linkedin-TH-3-300x157.png 300w, https:\/\/tomashernan.com\/wp-content\/uploads\/2026\/02\/Linkedin-TH-3-1024x535.png 1024w, https:\/\/tomashernan.com\/wp-content\/uploads\/2026\/02\/Linkedin-TH-3.png 1200w\" sizes=\"(max-width: 768px) 100vw, 768px\" \/>\t\t\t\t\t\t\t\t\t\t\t\t\t\t\t<\/div>\n\t\t\t\t\t<\/div>\n\t\t\t\t<\/div>\n\t\t\t\t<\/div>\n\t\t","protected":false},"excerpt":{"rendered":"<p>Join the TH team Grow with us At Dr. Hern\u00e1n&#8217;s Dental Clinic, we are looking for committed professionals with a vocation and a desire to continue growing. We believe in teamwork, continuous training, and a professional environment where you can develop your career and offer the best patient care. If you would like to be [&hellip;]<\/p>\n","protected":false},"author":1,"featured_media":40225,"parent":0,"menu_order":0,"comment_status":"closed","ping_status":"closed","template":"","meta":{"_joinchat":[],"footnotes":""},"class_list":["post-40258","page","type-page","status-publish","has-post-thumbnail","hentry"],"yoast_head":"<!-- This site is optimized with the Yoast SEO plugin v27.3 - https:\/\/yoast.com\/product\/yoast-seo-wordpress\/ -->\n<title>EMERGENCY DENTIST MADRID | DR. HERN\u00c1N DENTAL CLINIC<\/title>\n<meta name=\"description\" content=\"Book an Appointment Dentist Carabanchel. Dr. Hern\u00e1n, expert dentist in Dental Implantology. Financing Available. \u260e 915 113 521.\" \/>\n<meta name=\"robots\" content=\"index, follow, max-snippet:-1, max-image-preview:large, max-video-preview:-1\" \/>\n<link rel=\"canonical\" href=\"https:\/\/tomashernan.com\/en\/join-the-team\/\" \/>\n<meta property=\"og:locale\" content=\"en_US\" \/>\n<meta property=\"og:type\" content=\"article\" \/>\n<meta property=\"og:title\" content=\"EMERGENCY DENTIST MADRID | DR. HERN\u00c1N DENTAL CLINIC\" \/>\n<meta property=\"og:description\" content=\"Book an Appointment Dentist Carabanchel. Dr. Hern\u00e1n, expert dentist in Dental Implantology. Financing Available. \u260e 915 113 521.\" \/>\n<meta property=\"og:url\" content=\"https:\/\/tomashernan.com\/en\/join-the-team\/\" \/>\n<meta property=\"og:site_name\" content=\"Cl\u00ednica Dental Carabanchel | Dr. Tom\u00e1s Hern\u00e1n\" \/>\n<meta property=\"article:publisher\" content=\"https:\/\/www.facebook.com\/dental.estetica.madrid\" \/>\n<meta property=\"article:modified_time\" content=\"2026-02-26T09:13:44+00:00\" \/>\n<meta property=\"og:image\" content=\"https:\/\/tomashernan.com\/wp-content\/uploads\/2026\/01\/FOTO-EQUIPO-CLINICA-CARABANCHEL.png\" \/>\n\t<meta property=\"og:image:width\" content=\"2528\" \/>\n\t<meta property=\"og:image:height\" content=\"1696\" \/>\n\t<meta property=\"og:image:type\" content=\"image\/webp\" \/>\n<meta name=\"twitter:card\" content=\"summary_large_image\" \/>\n<script type=\"application\/ld+json\" class=\"yoast-schema-graph\">{\"@context\":\"https:\\\/\\\/schema.org\",\"@graph\":[{\"@type\":\"WebPage\",\"@id\":\"https:\\\/\\\/tomashernan.com\\\/en\\\/join-the-team\\\/\",\"url\":\"https:\\\/\\\/tomashernan.com\\\/en\\\/join-the-team\\\/\",\"name\":\"EMERGENCY DENTIST MADRID | DR. HERN\u00c1N DENTAL CLINIC\",\"isPartOf\":{\"@id\":\"https:\\\/\\\/tomashernan.com\\\/en\\\/#website\"},\"primaryImageOfPage\":{\"@id\":\"https:\\\/\\\/tomashernan.com\\\/en\\\/join-the-team\\\/#primaryimage\"},\"image\":{\"@id\":\"https:\\\/\\\/tomashernan.com\\\/en\\\/join-the-team\\\/#primaryimage\"},\"thumbnailUrl\":\"https:\\\/\\\/tomashernan.com\\\/wp-content\\\/uploads\\\/2026\\\/01\\\/FOTO-EQUIPO-CLINICA-CARABANCHEL.png\",\"datePublished\":\"2025-10-30T10:39:03+00:00\",\"dateModified\":\"2026-02-26T09:13:44+00:00\",\"description\":\"Book an Appointment Dentist Carabanchel. Dr. Hern\u00e1n, expert dentist in Dental Implantology. Financing Available. \u260e 915 113 521.\",\"breadcrumb\":{\"@id\":\"https:\\\/\\\/tomashernan.com\\\/en\\\/join-the-team\\\/#breadcrumb\"},\"inLanguage\":\"en-US\",\"potentialAction\":[{\"@type\":\"ReadAction\",\"target\":[\"https:\\\/\\\/tomashernan.com\\\/en\\\/join-the-team\\\/\"]}]},{\"@type\":\"ImageObject\",\"inLanguage\":\"en-US\",\"@id\":\"https:\\\/\\\/tomashernan.com\\\/en\\\/join-the-team\\\/#primaryimage\",\"url\":\"https:\\\/\\\/tomashernan.com\\\/wp-content\\\/uploads\\\/2026\\\/01\\\/FOTO-EQUIPO-CLINICA-CARABANCHEL.png\",\"contentUrl\":\"https:\\\/\\\/tomashernan.com\\\/wp-content\\\/uploads\\\/2026\\\/01\\\/FOTO-EQUIPO-CLINICA-CARABANCHEL.png\",\"width\":2528,\"height\":1696,\"caption\":\"Emergency Dentist Madrid\"},{\"@type\":\"BreadcrumbList\",\"@id\":\"https:\\\/\\\/tomashernan.com\\\/en\\\/join-the-team\\\/#breadcrumb\",\"itemListElement\":[{\"@type\":\"ListItem\",\"position\":1,\"name\":\"Portada\",\"item\":\"https:\\\/\\\/tomashernan.com\\\/en\\\/home\\\/\"},{\"@type\":\"ListItem\",\"position\":2,\"name\":\"Join the team\"}]},{\"@type\":\"WebSite\",\"@id\":\"https:\\\/\\\/tomashernan.com\\\/en\\\/#website\",\"url\":\"https:\\\/\\\/tomashernan.com\\\/en\\\/\",\"name\":\"Cl\u00ednica Dental Carabanchel | Dr. Tom\u00e1s Hern\u00e1n\",\"description\":\"Cl\u00ednica Dental Carabanchel | Dr. Tom\u00e1s Hern\u00e1n\",\"publisher\":{\"@id\":\"https:\\\/\\\/tomashernan.com\\\/en\\\/#organization\"},\"alternateName\":\"Cl\u00ednica TH\",\"potentialAction\":[{\"@type\":\"SearchAction\",\"target\":{\"@type\":\"EntryPoint\",\"urlTemplate\":\"https:\\\/\\\/tomashernan.com\\\/en\\\/?s={search_term_string}\"},\"query-input\":{\"@type\":\"PropertyValueSpecification\",\"valueRequired\":true,\"valueName\":\"search_term_string\"}}],\"inLanguage\":\"en-US\"},{\"@type\":\"Organization\",\"@id\":\"https:\\\/\\\/tomashernan.com\\\/en\\\/#organization\",\"name\":\"Cl\u00ednica Dental Dr. Tom\u00e1s Hern\u00e1n\",\"alternateName\":\"Cl\u00ednica Dental Carabanchel TH\",\"url\":\"https:\\\/\\\/tomashernan.com\\\/en\\\/\",\"logo\":{\"@type\":\"ImageObject\",\"inLanguage\":\"en-US\",\"@id\":\"https:\\\/\\\/tomashernan.com\\\/en\\\/#\\\/schema\\\/logo\\\/image\\\/\",\"url\":\"https:\\\/\\\/tomashernan.com\\\/wp-content\\\/uploads\\\/2026\\\/02\\\/logo-th-scaled.png\",\"contentUrl\":\"https:\\\/\\\/tomashernan.com\\\/wp-content\\\/uploads\\\/2026\\\/02\\\/logo-th-scaled.png\",\"width\":2560,\"height\":2048,\"caption\":\"Cl\u00ednica Dental Dr. Tom\u00e1s Hern\u00e1n\"},\"image\":{\"@id\":\"https:\\\/\\\/tomashernan.com\\\/en\\\/#\\\/schema\\\/logo\\\/image\\\/\"},\"sameAs\":[\"https:\\\/\\\/www.facebook.com\\\/dental.estetica.madrid\",\"https:\\\/\\\/www.instagram.com\\\/dental.estetica.madrid\\\/\",\"https:\\\/\\\/www.youtube.com\\\/channel\\\/UClwCoZ8DkBcU3KNJhUfUPQg\"]}]}<\/script>\n<!-- \/ Yoast SEO plugin. -->","yoast_head_json":{"title":"EMERGENCY DENTIST MADRID | DR. HERN\u00c1N DENTAL CLINIC","description":"Book an Appointment Dentist Carabanchel. Dr. Hern\u00e1n, expert dentist in Dental Implantology. Financing Available. \u260e 915 113 521.","robots":{"index":"index","follow":"follow","max-snippet":"max-snippet:-1","max-image-preview":"max-image-preview:large","max-video-preview":"max-video-preview:-1"},"canonical":"https:\/\/tomashernan.com\/en\/join-the-team\/","og_locale":"en_US","og_type":"article","og_title":"EMERGENCY DENTIST MADRID | DR. HERN\u00c1N DENTAL CLINIC","og_description":"Book an Appointment Dentist Carabanchel. Dr. Hern\u00e1n, expert dentist in Dental Implantology. Financing Available. \u260e 915 113 521.","og_url":"https:\/\/tomashernan.com\/en\/join-the-team\/","og_site_name":"Cl\u00ednica Dental Carabanchel | Dr. Tom\u00e1s Hern\u00e1n","article_publisher":"https:\/\/www.facebook.com\/dental.estetica.madrid","article_modified_time":"2026-02-26T09:13:44+00:00","og_image":[{"width":2528,"height":1696,"url":"https:\/\/tomashernan.com\/wp-content\/uploads\/2026\/01\/FOTO-EQUIPO-CLINICA-CARABANCHEL.png","type":"image\/webp"}],"twitter_card":"summary_large_image","schema":{"@context":"https:\/\/schema.org","@graph":[{"@type":"WebPage","@id":"https:\/\/tomashernan.com\/en\/join-the-team\/","url":"https:\/\/tomashernan.com\/en\/join-the-team\/","name":"EMERGENCY DENTIST MADRID | DR. HERN\u00c1N DENTAL CLINIC","isPartOf":{"@id":"https:\/\/tomashernan.com\/en\/#website"},"primaryImageOfPage":{"@id":"https:\/\/tomashernan.com\/en\/join-the-team\/#primaryimage"},"image":{"@id":"https:\/\/tomashernan.com\/en\/join-the-team\/#primaryimage"},"thumbnailUrl":"https:\/\/tomashernan.com\/wp-content\/uploads\/2026\/01\/FOTO-EQUIPO-CLINICA-CARABANCHEL.png","datePublished":"2025-10-30T10:39:03+00:00","dateModified":"2026-02-26T09:13:44+00:00","description":"Book an Appointment Dentist Carabanchel. Dr. Hern\u00e1n, expert dentist in Dental Implantology. Financing Available. \u260e 915 113 521.","breadcrumb":{"@id":"https:\/\/tomashernan.com\/en\/join-the-team\/#breadcrumb"},"inLanguage":"en-US","potentialAction":[{"@type":"ReadAction","target":["https:\/\/tomashernan.com\/en\/join-the-team\/"]}]},{"@type":"ImageObject","inLanguage":"en-US","@id":"https:\/\/tomashernan.com\/en\/join-the-team\/#primaryimage","url":"https:\/\/tomashernan.com\/wp-content\/uploads\/2026\/01\/FOTO-EQUIPO-CLINICA-CARABANCHEL.png","contentUrl":"https:\/\/tomashernan.com\/wp-content\/uploads\/2026\/01\/FOTO-EQUIPO-CLINICA-CARABANCHEL.png","width":2528,"height":1696,"caption":"Emergency Dentist Madrid"},{"@type":"BreadcrumbList","@id":"https:\/\/tomashernan.com\/en\/join-the-team\/#breadcrumb","itemListElement":[{"@type":"ListItem","position":1,"name":"Portada","item":"https:\/\/tomashernan.com\/en\/home\/"},{"@type":"ListItem","position":2,"name":"Join the team"}]},{"@type":"WebSite","@id":"https:\/\/tomashernan.com\/en\/#website","url":"https:\/\/tomashernan.com\/en\/","name":"Cl\u00ednica Dental Carabanchel | Dr. Tom\u00e1s Hern\u00e1n","description":"Cl\u00ednica Dental Carabanchel | Dr. Tom\u00e1s Hern\u00e1n","publisher":{"@id":"https:\/\/tomashernan.com\/en\/#organization"},"alternateName":"Cl\u00ednica TH","potentialAction":[{"@type":"SearchAction","target":{"@type":"EntryPoint","urlTemplate":"https:\/\/tomashernan.com\/en\/?s={search_term_string}"},"query-input":{"@type":"PropertyValueSpecification","valueRequired":true,"valueName":"search_term_string"}}],"inLanguage":"en-US"},{"@type":"Organization","@id":"https:\/\/tomashernan.com\/en\/#organization","name":"Cl\u00ednica Dental Dr. Tom\u00e1s Hern\u00e1n","alternateName":"Cl\u00ednica Dental Carabanchel TH","url":"https:\/\/tomashernan.com\/en\/","logo":{"@type":"ImageObject","inLanguage":"en-US","@id":"https:\/\/tomashernan.com\/en\/#\/schema\/logo\/image\/","url":"https:\/\/tomashernan.com\/wp-content\/uploads\/2026\/02\/logo-th-scaled.png","contentUrl":"https:\/\/tomashernan.com\/wp-content\/uploads\/2026\/02\/logo-th-scaled.png","width":2560,"height":2048,"caption":"Cl\u00ednica Dental Dr. Tom\u00e1s Hern\u00e1n"},"image":{"@id":"https:\/\/tomashernan.com\/en\/#\/schema\/logo\/image\/"},"sameAs":["https:\/\/www.facebook.com\/dental.estetica.madrid","https:\/\/www.instagram.com\/dental.estetica.madrid\/","https:\/\/www.youtube.com\/channel\/UClwCoZ8DkBcU3KNJhUfUPQg"]}]}},"_links":{"self":[{"href":"https:\/\/tomashernan.com\/en\/wp-json\/wp\/v2\/pages\/40258","targetHints":{"allow":["GET"]}}],"collection":[{"href":"https:\/\/tomashernan.com\/en\/wp-json\/wp\/v2\/pages"}],"about":[{"href":"https:\/\/tomashernan.com\/en\/wp-json\/wp\/v2\/types\/page"}],"author":[{"embeddable":true,"href":"https:\/\/tomashernan.com\/en\/wp-json\/wp\/v2\/users\/1"}],"replies":[{"embeddable":true,"href":"https:\/\/tomashernan.com\/en\/wp-json\/wp\/v2\/comments?post=40258"}],"version-history":[{"count":4,"href":"https:\/\/tomashernan.com\/en\/wp-json\/wp\/v2\/pages\/40258\/revisions"}],"predecessor-version":[{"id":40807,"href":"https:\/\/tomashernan.com\/en\/wp-json\/wp\/v2\/pages\/40258\/revisions\/40807"}],"wp:featuredmedia":[{"embeddable":true,"href":"https:\/\/tomashernan.com\/en\/wp-json\/wp\/v2\/media\/40225"}],"wp:attachment":[{"href":"https:\/\/tomashernan.com\/en\/wp-json\/wp\/v2\/media?parent=40258"}],"curies":[{"name":"wp","href":"https:\/\/api.w.org\/{rel}","templated":true}]}}