{"id":40313,"date":"2025-12-17T13:55:12","date_gmt":"2025-12-17T12:55:12","guid":{"rendered":"https:\/\/tomashernan.com\/postoperative-instructions\/"},"modified":"2026-02-19T10:42:24","modified_gmt":"2026-02-19T09:42:24","slug":"postoperative-instructions","status":"publish","type":"page","link":"https:\/\/tomashernan.com\/en\/patient-information\/postoperative-instructions\/","title":{"rendered":"Postoperative Instructions"},"content":{"rendered":"\t\t<div data-elementor-type=\"wp-page\" data-elementor-id=\"40313\" class=\"elementor elementor-40313 elementor-38742\" data-elementor-post-type=\"page\">\n\t\t\t\t<div class=\"elementor-element elementor-element-27b81f0 e-flex e-con-boxed e-con e-parent\" data-id=\"27b81f0\" data-element_type=\"container\" data-e-type=\"container\" data-settings=\"{&quot;background_background&quot;:&quot;classic&quot;}\">\n\t\t\t\t\t<div class=\"e-con-inner\">\n\t\t<div class=\"elementor-element elementor-element-9e7202b e-con-full e-flex e-con e-child\" data-id=\"9e7202b\" data-element_type=\"container\" data-e-type=\"container\">\n\t\t\t\t<div class=\"elementor-element elementor-element-1479e55 elementor-widget elementor-widget-heading\" data-id=\"1479e55\" data-element_type=\"widget\" data-e-type=\"widget\" data-widget_type=\"heading.default\">\n\t\t\t\t\t<h1 class=\"elementor-heading-title elementor-size-large\">Postoperative Care<\/h1>\t\t\t\t<\/div>\n\t\t\t\t<div class=\"elementor-element elementor-element-fb36b6e elementor-widget elementor-widget-heading\" data-id=\"fb36b6e\" data-element_type=\"widget\" data-e-type=\"widget\" data-settings=\"{&quot;_animation&quot;:&quot;none&quot;}\" data-widget_type=\"heading.default\">\n\t\t\t\t\t<h2 class=\"elementor-heading-title elementor-size-default\">Instructions after the procedure<\/h2>\t\t\t\t<\/div>\n\t\t\t\t<div class=\"elementor-element elementor-element-8cc08ac elementor-widget elementor-widget-heading\" data-id=\"8cc08ac\" data-element_type=\"widget\" data-e-type=\"widget\" data-widget_type=\"heading.default\">\n\t\t\t\t\t<h3 class=\"elementor-heading-title elementor-size-large\">First day \/ Day of the procedure<\/h3>\t\t\t\t<\/div>\n\t\t\t\t<div class=\"elementor-element elementor-element-fff0d31 elementor-widget elementor-widget-text-editor\" data-id=\"fff0d31\" data-element_type=\"widget\" data-e-type=\"widget\" data-widget_type=\"text-editor.default\">\n\t\t\t\t\t\t\t\t\t<div class=\"page\" title=\"Page 1\"><div class=\"layoutArea\"><div class=\"column\"><p>Bite down on the gauze for 30 minutes. If bleeding continues after removing it, place a new gauze pad and bite down again for another half hour. <\/p><p>Local ice: apply externally at 10-minute intervals for 2\u20133 hours.<\/p><p>Do not rinse, spit, or brush your teeth until tomorrow.<\/p><p>Consume liquid and cold foods (juices, milk, yogurt, etc.).<\/p><p><strong>DO NOT SMOKE<\/strong><\/p><\/div><\/div><\/div>\t\t\t\t\t\t\t\t<\/div>\n\t\t\t\t<div class=\"elementor-element elementor-element-64839c2 elementor-widget elementor-widget-button\" data-id=\"64839c2\" data-element_type=\"widget\" data-e-type=\"widget\" data-widget_type=\"button.default\">\n\t\t\t\t\t\t\t\t\t\t<a class=\"elementor-button elementor-button-link elementor-size-sm\" href=\"https:\/\/tomashernan.com\/wp-content\/uploads\/2025\/12\/INSTRUCCIONES-POSTOPERATORIAS-1-2.pdf\">\n\t\t\t\t\t\t<span class=\"elementor-button-content-wrapper\">\n\t\t\t\t\t\t<span class=\"elementor-button-icon\">\n\t\t\t\t<svg aria-hidden=\"true\" class=\"e-font-icon-svg e-fas-file-download\" viewBox=\"0 0 384 512\" xmlns=\"http:\/\/www.w3.org\/2000\/svg\"><path d=\"M224 136V0H24C10.7 0 0 10.7 0 24v464c0 13.3 10.7 24 24 24h336c13.3 0 24-10.7 24-24V160H248c-13.2 0-24-10.8-24-24zm76.45 211.36l-96.42 95.7c-6.65 6.61-17.39 6.61-24.04 0l-96.42-95.7C73.42 337.29 80.54 320 94.82 320H160v-80c0-8.84 7.16-16 16-16h32c8.84 0 16 7.16 16 16v80h65.18c14.28 0 21.4 17.29 11.27 27.36zM377 105L279.1 7c-4.5-4.5-10.6-7-17-7H256v128h128v-6.1c0-6.3-2.5-12.4-7-16.9z\"><\/path><\/svg>\t\t\t<\/span>\n\t\t\t\t\t\t\t\t\t<span class=\"elementor-button-text\">Download Instructions<\/span>\n\t\t\t\t\t<\/span>\n\t\t\t\t\t<\/a>\n\t\t\t\t\t\t\t\t<\/div>\n\t\t\t\t<\/div>\n\t\t<div class=\"elementor-element elementor-element-210c57e e-con-full e-flex e-con e-child\" data-id=\"210c57e\" data-element_type=\"container\" data-e-type=\"container\" data-settings=\"{&quot;background_background&quot;:&quot;classic&quot;}\">\n\t\t\t\t<div class=\"elementor-element elementor-element-7029c9c elementor-widget elementor-widget-spacer\" data-id=\"7029c9c\" data-element_type=\"widget\" data-e-type=\"widget\" data-widget_type=\"spacer.default\">\n\t\t\t\t\t\t\t<div class=\"elementor-spacer\">\n\t\t\t<div class=\"elementor-spacer-inner\"><\/div>\n\t\t<\/div>\n\t\t\t\t\t\t<\/div>\n\t\t\t\t<\/div>\n\t\t\t\t\t<\/div>\n\t\t\t\t<\/div>\n\t\t<div class=\"elementor-element elementor-element-dbf67e8 e-flex e-con-boxed e-con e-parent\" data-id=\"dbf67e8\" data-element_type=\"container\" data-e-type=\"container\">\n\t\t\t\t\t<div class=\"e-con-inner\">\n\t\t<div class=\"elementor-element elementor-element-9bb4954 e-con-full e-flex e-con e-child\" data-id=\"9bb4954\" data-element_type=\"container\" data-e-type=\"container\">\n\t\t\t\t<div class=\"elementor-element elementor-element-c7af070 elementor-widget elementor-widget-heading\" data-id=\"c7af070\" data-element_type=\"widget\" data-e-type=\"widget\" data-widget_type=\"heading.default\">\n\t\t\t\t\t<h3 class=\"elementor-heading-title elementor-size-large\">For tomorrow and the following days<\/h3>\t\t\t\t<\/div>\n\t\t\t\t<div class=\"elementor-element elementor-element-19e4988 elementor-widget elementor-widget-text-editor\" data-id=\"19e4988\" data-element_type=\"widget\" data-e-type=\"widget\" data-widget_type=\"text-editor.default\">\n\t\t\t\t\t\t\t\t\t<div class=\"page\" title=\"Page 1\"><div class=\"layoutArea\"><div class=\"column\"><div class=\"page\" title=\"Page 1\"><div class=\"layoutArea\"><div class=\"column\"><p><strong>Important: DO NOT SMOKE<\/strong><\/p><ul><li><p>Soft diet (blender diet) for eight days.<\/p><\/li><li><p>Maintain good oral hygiene. Brush the treated area using a surgical toothbrush (soft bristles). <\/p><\/li><li><p>Rinse with a chlorhexidine mouthwash (CN 385666.9) after brushing for 15\u201320 days.<\/p><\/li><li><p>Apply bioadhesive chlorhexidine gel (CN 354605.8) after meals for 15\u201320 days.<\/p><\/li><li><p>Your face will swell for approximately 7 days.<\/p><\/li><li><p>Pain varies in intensity and duration depending on the individual.<\/p><\/li><li><p>Take the prescribed medication as directed.<\/p><\/li><li><p>The stitches should be removed after 7 days.<\/p><\/li><li><p>If any complications arise, please call 669511850.<\/p><\/li><\/ul><\/div><\/div><\/div><\/div><\/div><\/div>\t\t\t\t\t\t\t\t<\/div>\n\t\t\t\t<\/div>\n\t\t\t\t\t<\/div>\n\t\t\t\t<\/div>\n\t\t<section class=\"elementor-element elementor-element-10bdfb3 e-con-full e-flex e-con e-parent\" data-id=\"10bdfb3\" data-element_type=\"container\" data-e-type=\"container\" data-settings=\"{&quot;background_background&quot;:&quot;classic&quot;}\">\n\t\t<div class=\"elementor-element elementor-element-f27aaaa e-con-full e-flex e-con e-child\" data-id=\"f27aaaa\" data-element_type=\"container\" data-e-type=\"container\">\n\t\t\t\t<div class=\"elementor-element elementor-element-76f3312 elementor-widget elementor-widget-google_maps\" data-id=\"76f3312\" data-element_type=\"widget\" data-e-type=\"widget\" data-widget_type=\"google_maps.default\">\n\t\t\t\t\t\t\t<div class=\"elementor-custom-embed\">\n\t\t\t<iframe loading=\"lazy\"\n\t\t\t\t\tsrc=\"https:\/\/maps.google.com\/maps?q=Cl%C3%ADnica%20Dental%20Carabanchel%20%7C%20Dr.%20Tom%C3%A1s%20Hern%C3%A1n&#038;t=m&#038;z=16&#038;output=embed&#038;iwloc=near\"\n\t\t\t\t\ttitle=\"Cl\u00ednica Dental Carabanchel | Dr. Tom\u00e1s Hern\u00e1n\"\n\t\t\t\t\taria-label=\"Cl\u00ednica Dental Carabanchel | Dr. Tom\u00e1s Hern\u00e1n\"\n\t\t\t><\/iframe>\n\t\t<\/div>\n\t\t\t\t\t\t<\/div>\n\t\t\t\t<\/div>\n\t\t\t\t<\/section>\n\t\t\t\t<\/div>\n\t\t","protected":false},"excerpt":{"rendered":"<p>Postoperative Care Instructions after the procedure First day \/ Day of the procedure Bite down on the gauze for 30 minutes. If bleeding continues after removing it, place a new gauze pad and bite down again for another half hour. Local ice: apply externally at 10-minute intervals for 2\u20133 hours. Do not rinse, spit, or [&hellip;]<\/p>\n","protected":false},"author":1,"featured_media":40291,"parent":40332,"menu_order":0,"comment_status":"closed","ping_status":"closed","template":"","meta":{"_joinchat":[],"footnotes":""},"class_list":["post-40313","page","type-page","status-publish","has-post-thumbnail","hentry"],"yoast_head":"<!-- This site is optimized with the Yoast SEO plugin v27.4 - https:\/\/yoast.com\/product\/yoast-seo-wordpress\/ -->\n<title>Multidisciplinary Dentistry in Carabanchel | Dr. Tom\u00e1s Hern\u00e1n<\/title>\n<meta name=\"description\" content=\"Multidisciplinary Dentistry in Carabanchel. We have a medical team comprised of experts in various branches of dentistry.\" \/>\n<meta name=\"robots\" content=\"index, follow, max-snippet:-1, max-image-preview:large, max-video-preview:-1\" \/>\n<link rel=\"canonical\" href=\"https:\/\/tomashernan.com\/en\/patient-information\/postoperative-instructions\/\" \/>\n<meta property=\"og:locale\" content=\"en_US\" \/>\n<meta property=\"og:type\" content=\"article\" \/>\n<meta property=\"og:title\" content=\"Multidisciplinary Dentistry in Carabanchel | Dr. Tom\u00e1s Hern\u00e1n\" \/>\n<meta property=\"og:description\" content=\"Multidisciplinary Dentistry in Carabanchel. We have a medical team comprised of experts in various branches of dentistry.\" \/>\n<meta property=\"og:url\" content=\"https:\/\/tomashernan.com\/en\/patient-information\/postoperative-instructions\/\" \/>\n<meta property=\"og:site_name\" content=\"Cl\u00ednica Dental Carabanchel | Dr. Tom\u00e1s Hern\u00e1n\" \/>\n<meta property=\"article:publisher\" content=\"https:\/\/www.facebook.com\/dental.estetica.madrid\" \/>\n<meta property=\"article:modified_time\" content=\"2026-02-19T09:42:24+00:00\" \/>\n<meta property=\"og:image\" content=\"https:\/\/tomashernan.com\/wp-content\/uploads\/2025\/12\/dentista.tomashernan-e1628939568922.jpg\" \/>\n\t<meta property=\"og:image:width\" content=\"582\" \/>\n\t<meta property=\"og:image:height\" content=\"530\" \/>\n\t<meta property=\"og:image:type\" content=\"image\/jpeg\" \/>\n<meta name=\"twitter:card\" content=\"summary_large_image\" \/>\n<meta name=\"twitter:label1\" content=\"Est. reading time\" \/>\n\t<meta name=\"twitter:data1\" content=\"1 minute\" \/>\n<script type=\"application\/ld+json\" class=\"yoast-schema-graph\">{\"@context\":\"https:\\\/\\\/schema.org\",\"@graph\":[{\"@type\":\"WebPage\",\"@id\":\"https:\\\/\\\/tomashernan.com\\\/en\\\/patient-information\\\/postoperative-instructions\\\/\",\"url\":\"https:\\\/\\\/tomashernan.com\\\/en\\\/patient-information\\\/postoperative-instructions\\\/\",\"name\":\"Multidisciplinary Dentistry in Carabanchel | Dr. Tom\u00e1s Hern\u00e1n\",\"isPartOf\":{\"@id\":\"https:\\\/\\\/tomashernan.com\\\/en\\\/#website\"},\"primaryImageOfPage\":{\"@id\":\"https:\\\/\\\/tomashernan.com\\\/en\\\/patient-information\\\/postoperative-instructions\\\/#primaryimage\"},\"image\":{\"@id\":\"https:\\\/\\\/tomashernan.com\\\/en\\\/patient-information\\\/postoperative-instructions\\\/#primaryimage\"},\"thumbnailUrl\":\"https:\\\/\\\/tomashernan.com\\\/wp-content\\\/uploads\\\/2025\\\/12\\\/dentista.tomashernan-e1628939568922.jpg\",\"datePublished\":\"2025-12-17T12:55:12+00:00\",\"dateModified\":\"2026-02-19T09:42:24+00:00\",\"description\":\"Multidisciplinary Dentistry in Carabanchel. We have a medical team comprised of experts in various branches of dentistry.\",\"breadcrumb\":{\"@id\":\"https:\\\/\\\/tomashernan.com\\\/en\\\/patient-information\\\/postoperative-instructions\\\/#breadcrumb\"},\"inLanguage\":\"en-US\",\"potentialAction\":[{\"@type\":\"ReadAction\",\"target\":[\"https:\\\/\\\/tomashernan.com\\\/en\\\/patient-information\\\/postoperative-instructions\\\/\"]}]},{\"@type\":\"ImageObject\",\"inLanguage\":\"en-US\",\"@id\":\"https:\\\/\\\/tomashernan.com\\\/en\\\/patient-information\\\/postoperative-instructions\\\/#primaryimage\",\"url\":\"https:\\\/\\\/tomashernan.com\\\/wp-content\\\/uploads\\\/2025\\\/12\\\/dentista.tomashernan-e1628939568922.jpg\",\"contentUrl\":\"https:\\\/\\\/tomashernan.com\\\/wp-content\\\/uploads\\\/2025\\\/12\\\/dentista.tomashernan-e1628939568922.jpg\",\"width\":582,\"height\":530},{\"@type\":\"BreadcrumbList\",\"@id\":\"https:\\\/\\\/tomashernan.com\\\/en\\\/patient-information\\\/postoperative-instructions\\\/#breadcrumb\",\"itemListElement\":[{\"@type\":\"ListItem\",\"position\":1,\"name\":\"Portada\",\"item\":\"https:\\\/\\\/tomashernan.com\\\/en\\\/home\\\/\"},{\"@type\":\"ListItem\",\"position\":2,\"name\":\"Patient Information\",\"item\":\"https:\\\/\\\/tomashernan.com\\\/en\\\/patient-information\\\/\"},{\"@type\":\"ListItem\",\"position\":3,\"name\":\"Postoperative Instructions\"}]},{\"@type\":\"WebSite\",\"@id\":\"https:\\\/\\\/tomashernan.com\\\/en\\\/#website\",\"url\":\"https:\\\/\\\/tomashernan.com\\\/en\\\/\",\"name\":\"Cl\u00ednica Dental Carabanchel | Dr. Tom\u00e1s Hern\u00e1n\",\"description\":\"Cl\u00ednica Dental Carabanchel | Dr. Tom\u00e1s Hern\u00e1n\",\"publisher\":{\"@id\":\"https:\\\/\\\/tomashernan.com\\\/en\\\/#organization\"},\"alternateName\":\"Cl\u00ednica TH\",\"potentialAction\":[{\"@type\":\"SearchAction\",\"target\":{\"@type\":\"EntryPoint\",\"urlTemplate\":\"https:\\\/\\\/tomashernan.com\\\/en\\\/?s={search_term_string}\"},\"query-input\":{\"@type\":\"PropertyValueSpecification\",\"valueRequired\":true,\"valueName\":\"search_term_string\"}}],\"inLanguage\":\"en-US\"},{\"@type\":\"Organization\",\"@id\":\"https:\\\/\\\/tomashernan.com\\\/en\\\/#organization\",\"name\":\"Cl\u00ednica Dental Dr. Tom\u00e1s Hern\u00e1n\",\"alternateName\":\"Cl\u00ednica Dental Carabanchel TH\",\"url\":\"https:\\\/\\\/tomashernan.com\\\/en\\\/\",\"logo\":{\"@type\":\"ImageObject\",\"inLanguage\":\"en-US\",\"@id\":\"https:\\\/\\\/tomashernan.com\\\/en\\\/#\\\/schema\\\/logo\\\/image\\\/\",\"url\":\"https:\\\/\\\/tomashernan.com\\\/wp-content\\\/uploads\\\/2026\\\/02\\\/logo-th-scaled.png\",\"contentUrl\":\"https:\\\/\\\/tomashernan.com\\\/wp-content\\\/uploads\\\/2026\\\/02\\\/logo-th-scaled.png\",\"width\":2560,\"height\":2048,\"caption\":\"Cl\u00ednica Dental Dr. Tom\u00e1s Hern\u00e1n\"},\"image\":{\"@id\":\"https:\\\/\\\/tomashernan.com\\\/en\\\/#\\\/schema\\\/logo\\\/image\\\/\"},\"sameAs\":[\"https:\\\/\\\/www.facebook.com\\\/dental.estetica.madrid\",\"https:\\\/\\\/www.instagram.com\\\/dental.estetica.madrid\\\/\",\"https:\\\/\\\/www.youtube.com\\\/channel\\\/UClwCoZ8DkBcU3KNJhUfUPQg\"]}]}<\/script>\n<!-- \/ Yoast SEO plugin. -->","yoast_head_json":{"title":"Multidisciplinary Dentistry in Carabanchel | Dr. Tom\u00e1s Hern\u00e1n","description":"Multidisciplinary Dentistry in Carabanchel. We have a medical team comprised of experts in various branches of dentistry.","robots":{"index":"index","follow":"follow","max-snippet":"max-snippet:-1","max-image-preview":"max-image-preview:large","max-video-preview":"max-video-preview:-1"},"canonical":"https:\/\/tomashernan.com\/en\/patient-information\/postoperative-instructions\/","og_locale":"en_US","og_type":"article","og_title":"Multidisciplinary Dentistry in Carabanchel | Dr. Tom\u00e1s Hern\u00e1n","og_description":"Multidisciplinary Dentistry in Carabanchel. We have a medical team comprised of experts in various branches of dentistry.","og_url":"https:\/\/tomashernan.com\/en\/patient-information\/postoperative-instructions\/","og_site_name":"Cl\u00ednica Dental Carabanchel | Dr. Tom\u00e1s Hern\u00e1n","article_publisher":"https:\/\/www.facebook.com\/dental.estetica.madrid","article_modified_time":"2026-02-19T09:42:24+00:00","og_image":[{"width":582,"height":530,"url":"https:\/\/tomashernan.com\/wp-content\/uploads\/2025\/12\/dentista.tomashernan-e1628939568922.jpg","type":"image\/jpeg"}],"twitter_card":"summary_large_image","twitter_misc":{"Est. reading time":"1 minute"},"schema":{"@context":"https:\/\/schema.org","@graph":[{"@type":"WebPage","@id":"https:\/\/tomashernan.com\/en\/patient-information\/postoperative-instructions\/","url":"https:\/\/tomashernan.com\/en\/patient-information\/postoperative-instructions\/","name":"Multidisciplinary Dentistry in Carabanchel | Dr. Tom\u00e1s Hern\u00e1n","isPartOf":{"@id":"https:\/\/tomashernan.com\/en\/#website"},"primaryImageOfPage":{"@id":"https:\/\/tomashernan.com\/en\/patient-information\/postoperative-instructions\/#primaryimage"},"image":{"@id":"https:\/\/tomashernan.com\/en\/patient-information\/postoperative-instructions\/#primaryimage"},"thumbnailUrl":"https:\/\/tomashernan.com\/wp-content\/uploads\/2025\/12\/dentista.tomashernan-e1628939568922.jpg","datePublished":"2025-12-17T12:55:12+00:00","dateModified":"2026-02-19T09:42:24+00:00","description":"Multidisciplinary Dentistry in Carabanchel. We have a medical team comprised of experts in various branches of dentistry.","breadcrumb":{"@id":"https:\/\/tomashernan.com\/en\/patient-information\/postoperative-instructions\/#breadcrumb"},"inLanguage":"en-US","potentialAction":[{"@type":"ReadAction","target":["https:\/\/tomashernan.com\/en\/patient-information\/postoperative-instructions\/"]}]},{"@type":"ImageObject","inLanguage":"en-US","@id":"https:\/\/tomashernan.com\/en\/patient-information\/postoperative-instructions\/#primaryimage","url":"https:\/\/tomashernan.com\/wp-content\/uploads\/2025\/12\/dentista.tomashernan-e1628939568922.jpg","contentUrl":"https:\/\/tomashernan.com\/wp-content\/uploads\/2025\/12\/dentista.tomashernan-e1628939568922.jpg","width":582,"height":530},{"@type":"BreadcrumbList","@id":"https:\/\/tomashernan.com\/en\/patient-information\/postoperative-instructions\/#breadcrumb","itemListElement":[{"@type":"ListItem","position":1,"name":"Portada","item":"https:\/\/tomashernan.com\/en\/home\/"},{"@type":"ListItem","position":2,"name":"Patient Information","item":"https:\/\/tomashernan.com\/en\/patient-information\/"},{"@type":"ListItem","position":3,"name":"Postoperative Instructions"}]},{"@type":"WebSite","@id":"https:\/\/tomashernan.com\/en\/#website","url":"https:\/\/tomashernan.com\/en\/","name":"Cl\u00ednica Dental Carabanchel | Dr. Tom\u00e1s Hern\u00e1n","description":"Cl\u00ednica Dental Carabanchel | Dr. Tom\u00e1s Hern\u00e1n","publisher":{"@id":"https:\/\/tomashernan.com\/en\/#organization"},"alternateName":"Cl\u00ednica TH","potentialAction":[{"@type":"SearchAction","target":{"@type":"EntryPoint","urlTemplate":"https:\/\/tomashernan.com\/en\/?s={search_term_string}"},"query-input":{"@type":"PropertyValueSpecification","valueRequired":true,"valueName":"search_term_string"}}],"inLanguage":"en-US"},{"@type":"Organization","@id":"https:\/\/tomashernan.com\/en\/#organization","name":"Cl\u00ednica Dental Dr. Tom\u00e1s Hern\u00e1n","alternateName":"Cl\u00ednica Dental Carabanchel TH","url":"https:\/\/tomashernan.com\/en\/","logo":{"@type":"ImageObject","inLanguage":"en-US","@id":"https:\/\/tomashernan.com\/en\/#\/schema\/logo\/image\/","url":"https:\/\/tomashernan.com\/wp-content\/uploads\/2026\/02\/logo-th-scaled.png","contentUrl":"https:\/\/tomashernan.com\/wp-content\/uploads\/2026\/02\/logo-th-scaled.png","width":2560,"height":2048,"caption":"Cl\u00ednica Dental Dr. Tom\u00e1s Hern\u00e1n"},"image":{"@id":"https:\/\/tomashernan.com\/en\/#\/schema\/logo\/image\/"},"sameAs":["https:\/\/www.facebook.com\/dental.estetica.madrid","https:\/\/www.instagram.com\/dental.estetica.madrid\/","https:\/\/www.youtube.com\/channel\/UClwCoZ8DkBcU3KNJhUfUPQg"]}]}},"_links":{"self":[{"href":"https:\/\/tomashernan.com\/en\/wp-json\/wp\/v2\/pages\/40313","targetHints":{"allow":["GET"]}}],"collection":[{"href":"https:\/\/tomashernan.com\/en\/wp-json\/wp\/v2\/pages"}],"about":[{"href":"https:\/\/tomashernan.com\/en\/wp-json\/wp\/v2\/types\/page"}],"author":[{"embeddable":true,"href":"https:\/\/tomashernan.com\/en\/wp-json\/wp\/v2\/users\/1"}],"replies":[{"embeddable":true,"href":"https:\/\/tomashernan.com\/en\/wp-json\/wp\/v2\/comments?post=40313"}],"version-history":[{"count":1,"href":"https:\/\/tomashernan.com\/en\/wp-json\/wp\/v2\/pages\/40313\/revisions"}],"predecessor-version":[{"id":40314,"href":"https:\/\/tomashernan.com\/en\/wp-json\/wp\/v2\/pages\/40313\/revisions\/40314"}],"up":[{"embeddable":true,"href":"https:\/\/tomashernan.com\/en\/wp-json\/wp\/v2\/pages\/40332"}],"wp:featuredmedia":[{"embeddable":true,"href":"https:\/\/tomashernan.com\/en\/wp-json\/wp\/v2\/media\/40291"}],"wp:attachment":[{"href":"https:\/\/tomashernan.com\/en\/wp-json\/wp\/v2\/media?parent=40313"}],"curies":[{"name":"wp","href":"https:\/\/api.w.org\/{rel}","templated":true}]}}