{"id":40319,"date":"2025-12-17T14:49:38","date_gmt":"2025-12-17T13:49:38","guid":{"rendered":"https:\/\/tomashernan.com\/instructions-during-orthodontic-treatment\/"},"modified":"2026-02-19T10:42:25","modified_gmt":"2026-02-19T09:42:25","slug":"instructions-during-orthodontic-treatment","status":"publish","type":"page","link":"https:\/\/tomashernan.com\/en\/patient-information\/instructions-during-orthodontic-treatment\/","title":{"rendered":"Instructions during orthodontic treatment"},"content":{"rendered":"\t\t<div data-elementor-type=\"wp-page\" data-elementor-id=\"40319\" class=\"elementor elementor-40319 elementor-38844\" data-elementor-post-type=\"page\">\n\t\t\t\t<div class=\"elementor-element elementor-element-9f64e5e e-flex e-con-boxed e-con e-parent\" data-id=\"9f64e5e\" data-element_type=\"container\" data-e-type=\"container\" data-settings=\"{&quot;background_background&quot;:&quot;classic&quot;}\">\n\t\t\t\t\t<div class=\"e-con-inner\">\n\t\t<div class=\"elementor-element elementor-element-5eb89cd e-con-full e-flex e-con e-child\" data-id=\"5eb89cd\" data-element_type=\"container\" data-e-type=\"container\">\n\t\t\t\t<div class=\"elementor-element elementor-element-c21a7a0 elementor-widget elementor-widget-heading\" data-id=\"c21a7a0\" data-element_type=\"widget\" data-e-type=\"widget\" data-widget_type=\"heading.default\">\n\t\t\t\t\t<h1 class=\"elementor-heading-title elementor-size-large\">Information for patients during orthodontic treatment<\/h1>\t\t\t\t<\/div>\n\t\t\t\t<div class=\"elementor-element elementor-element-17a76f1 elementor-widget elementor-widget-heading\" data-id=\"17a76f1\" data-element_type=\"widget\" data-e-type=\"widget\" data-settings=\"{&quot;_animation&quot;:&quot;none&quot;}\" data-widget_type=\"heading.default\">\n\t\t\t\t\t<h2 class=\"elementor-heading-title elementor-size-default\">Adjustment period<\/h2>\t\t\t\t<\/div>\n\t\t\t\t<div class=\"elementor-element elementor-element-ad3404f elementor-widget elementor-widget-text-editor\" data-id=\"ad3404f\" data-element_type=\"widget\" data-e-type=\"widget\" data-widget_type=\"text-editor.default\">\n\t\t\t\t\t\t\t\t\t<div class=\"page\" title=\"Page 1\"><div class=\"layoutArea\"><div class=\"column\"><p>Orthodontic appliances may, at the beginning or during the course of treatment, cause discomfort in the teeth; in that case, you should take paracetamol (avoid anti-inflammatory medicines such as ibuprofen).<\/p><p>Small sores may also appear due to rubbing; in that case, you should apply a little special orthodontic wax (available in pharmacies) around the part of the appliance that is causing the discomfort, and use a cotton swab to apply mouthwash or oral gel to the painful area.<\/p><\/div><\/div><\/div>\t\t\t\t\t\t\t\t<\/div>\n\t\t\t\t<div class=\"elementor-element elementor-element-45436bf elementor-widget elementor-widget-button\" data-id=\"45436bf\" data-element_type=\"widget\" data-e-type=\"widget\" data-widget_type=\"button.default\">\n\t\t\t\t\t\t\t\t\t\t<a class=\"elementor-button elementor-button-link elementor-size-sm\" href=\"https:\/\/tomashernan.com\/wp-content\/uploads\/2025\/12\/RECOMENDACIONES-ORTODONCIA.pdf\">\n\t\t\t\t\t\t<span class=\"elementor-button-content-wrapper\">\n\t\t\t\t\t\t<span class=\"elementor-button-icon\">\n\t\t\t\t<svg aria-hidden=\"true\" class=\"e-font-icon-svg e-fas-file-download\" viewBox=\"0 0 384 512\" xmlns=\"http:\/\/www.w3.org\/2000\/svg\"><path d=\"M224 136V0H24C10.7 0 0 10.7 0 24v464c0 13.3 10.7 24 24 24h336c13.3 0 24-10.7 24-24V160H248c-13.2 0-24-10.8-24-24zm76.45 211.36l-96.42 95.7c-6.65 6.61-17.39 6.61-24.04 0l-96.42-95.7C73.42 337.29 80.54 320 94.82 320H160v-80c0-8.84 7.16-16 16-16h32c8.84 0 16 7.16 16 16v80h65.18c14.28 0 21.4 17.29 11.27 27.36zM377 105L279.1 7c-4.5-4.5-10.6-7-17-7H256v128h128v-6.1c0-6.3-2.5-12.4-7-16.9z\"><\/path><\/svg>\t\t\t<\/span>\n\t\t\t\t\t\t\t\t\t<span class=\"elementor-button-text\">Download Instructions<\/span>\n\t\t\t\t\t<\/span>\n\t\t\t\t\t<\/a>\n\t\t\t\t\t\t\t\t<\/div>\n\t\t\t\t<\/div>\n\t\t<div class=\"elementor-element elementor-element-6b3fb88 e-con-full e-flex e-con e-child\" data-id=\"6b3fb88\" data-element_type=\"container\" data-e-type=\"container\" data-settings=\"{&quot;background_background&quot;:&quot;classic&quot;}\">\n\t\t\t\t<div class=\"elementor-element elementor-element-18389a3 elementor-widget elementor-widget-spacer\" data-id=\"18389a3\" data-element_type=\"widget\" data-e-type=\"widget\" data-widget_type=\"spacer.default\">\n\t\t\t\t\t\t\t<div class=\"elementor-spacer\">\n\t\t\t<div class=\"elementor-spacer-inner\"><\/div>\n\t\t<\/div>\n\t\t\t\t\t\t<\/div>\n\t\t\t\t<\/div>\n\t\t\t\t\t<\/div>\n\t\t\t\t<\/div>\n\t\t<div class=\"elementor-element elementor-element-3c3ee30 e-flex e-con-boxed e-con e-parent\" data-id=\"3c3ee30\" data-element_type=\"container\" data-e-type=\"container\" data-settings=\"{&quot;background_background&quot;:&quot;classic&quot;}\">\n\t\t\t\t\t<div class=\"e-con-inner\">\n\t\t<div class=\"elementor-element elementor-element-10019bc e-con-full e-flex e-con e-child\" data-id=\"10019bc\" data-element_type=\"container\" data-e-type=\"container\">\n\t\t\t\t<div class=\"elementor-element elementor-element-ff73afa elementor-widget elementor-widget-accordion\" data-id=\"ff73afa\" data-element_type=\"widget\" data-e-type=\"widget\" data-widget_type=\"accordion.default\">\n\t\t\t\t\t\t\t<div class=\"elementor-accordion\">\n\t\t\t\t\t\t\t<div class=\"elementor-accordion-item\">\n\t\t\t\t\t<div id=\"elementor-tab-title-2671\" class=\"elementor-tab-title\" data-tab=\"1\" role=\"button\" aria-controls=\"elementor-tab-content-2671\" aria-expanded=\"false\">\n\t\t\t\t\t\t\t\t\t\t\t\t\t<span class=\"elementor-accordion-icon elementor-accordion-icon-right\" aria-hidden=\"true\">\n\t\t\t\t\t\t\t\t\t\t\t\t\t\t\t<span class=\"elementor-accordion-icon-closed\"><svg class=\"e-font-icon-svg e-far-plus-square\" viewBox=\"0 0 448 512\" xmlns=\"http:\/\/www.w3.org\/2000\/svg\"><path d=\"M352 240v32c0 6.6-5.4 12-12 12h-88v88c0 6.6-5.4 12-12 12h-32c-6.6 0-12-5.4-12-12v-88h-88c-6.6 0-12-5.4-12-12v-32c0-6.6 5.4-12 12-12h88v-88c0-6.6 5.4-12 12-12h32c6.6 0 12 5.4 12 12v88h88c6.6 0 12 5.4 12 12zm96-160v352c0 26.5-21.5 48-48 48H48c-26.5 0-48-21.5-48-48V80c0-26.5 21.5-48 48-48h352c26.5 0 48 21.5 48 48zm-48 346V86c0-3.3-2.7-6-6-6H54c-3.3 0-6 2.7-6 6v340c0 3.3 2.7 6 6 6h340c3.3 0 6-2.7 6-6z\"><\/path><\/svg><\/span>\n\t\t\t\t\t\t\t\t<span class=\"elementor-accordion-icon-opened\"><svg class=\"e-font-icon-svg e-far-minus-square\" viewBox=\"0 0 448 512\" xmlns=\"http:\/\/www.w3.org\/2000\/svg\"><path d=\"M108 284c-6.6 0-12-5.4-12-12v-32c0-6.6 5.4-12 12-12h232c6.6 0 12 5.4 12 12v32c0 6.6-5.4 12-12 12H108zM448 80v352c0 26.5-21.5 48-48 48H48c-26.5 0-48-21.5-48-48V80c0-26.5 21.5-48 48-48h352c26.5 0 48 21.5 48 48zm-48 346V86c0-3.3-2.7-6-6-6H54c-3.3 0-6 2.7-6 6v340c0 3.3 2.7 6 6 6h340c3.3 0 6-2.7 6-6z\"><\/path><\/svg><\/span>\n\t\t\t\t\t\t\t\t\t\t\t\t\t\t<\/span>\n\t\t\t\t\t\t\t\t\t\t\t\t<a class=\"elementor-accordion-title\" tabindex=\"0\">HYGIENE<\/a>\n\t\t\t\t\t<\/div>\n\t\t\t\t\t<div id=\"elementor-tab-content-2671\" class=\"elementor-tab-content elementor-clearfix\" data-tab=\"1\" role=\"region\" aria-labelledby=\"elementor-tab-title-2671\"><div class=\"page\" title=\"Page 1\">\n<div class=\"layoutArea\">\n<div class=\"column\">\n<ul>\n<li>\n<p>Hygiene is absolutely essential for the proper progress of the treatment. It is true that fixed appliances retain a large amount of food, which is why you must spend more time cleaning your mouth. <\/p>\n<\/li>\n<li>\n<p>Every time you eat, you must remove all food debris from around the appliances and teeth.<\/p>\n<\/li>\n<li>\n<p>You should use: &#8220;SUPERFLOSS&#8221; DENTAL FLOSS and\/or INTERDENTAL BRUSHES<\/p>\n<\/li>\n<li>\n<p>Toothbrush, toothpaste and mouthwash specifically for orthodontics (unless otherwise indicated by the orthodontist).<\/p>\n<\/li>\n<\/ul>\n<\/div>\n<\/div>\n<\/div>\n<\/div>\n\t\t\t\t<\/div>\n\t\t\t\t\t\t\t<div class=\"elementor-accordion-item\">\n\t\t\t\t\t<div id=\"elementor-tab-title-2672\" class=\"elementor-tab-title\" data-tab=\"2\" role=\"button\" aria-controls=\"elementor-tab-content-2672\" aria-expanded=\"false\">\n\t\t\t\t\t\t\t\t\t\t\t\t\t<span class=\"elementor-accordion-icon elementor-accordion-icon-right\" aria-hidden=\"true\">\n\t\t\t\t\t\t\t\t\t\t\t\t\t\t\t<span class=\"elementor-accordion-icon-closed\"><svg class=\"e-font-icon-svg e-far-plus-square\" viewBox=\"0 0 448 512\" xmlns=\"http:\/\/www.w3.org\/2000\/svg\"><path d=\"M352 240v32c0 6.6-5.4 12-12 12h-88v88c0 6.6-5.4 12-12 12h-32c-6.6 0-12-5.4-12-12v-88h-88c-6.6 0-12-5.4-12-12v-32c0-6.6 5.4-12 12-12h88v-88c0-6.6 5.4-12 12-12h32c6.6 0 12 5.4 12 12v88h88c6.6 0 12 5.4 12 12zm96-160v352c0 26.5-21.5 48-48 48H48c-26.5 0-48-21.5-48-48V80c0-26.5 21.5-48 48-48h352c26.5 0 48 21.5 48 48zm-48 346V86c0-3.3-2.7-6-6-6H54c-3.3 0-6 2.7-6 6v340c0 3.3 2.7 6 6 6h340c3.3 0 6-2.7 6-6z\"><\/path><\/svg><\/span>\n\t\t\t\t\t\t\t\t<span class=\"elementor-accordion-icon-opened\"><svg class=\"e-font-icon-svg e-far-minus-square\" viewBox=\"0 0 448 512\" xmlns=\"http:\/\/www.w3.org\/2000\/svg\"><path d=\"M108 284c-6.6 0-12-5.4-12-12v-32c0-6.6 5.4-12 12-12h232c6.6 0 12 5.4 12 12v32c0 6.6-5.4 12-12 12H108zM448 80v352c0 26.5-21.5 48-48 48H48c-26.5 0-48-21.5-48-48V80c0-26.5 21.5-48 48-48h352c26.5 0 48 21.5 48 48zm-48 346V86c0-3.3-2.7-6-6-6H54c-3.3 0-6 2.7-6 6v340c0 3.3 2.7 6 6 6h340c3.3 0 6-2.7 6-6z\"><\/path><\/svg><\/span>\n\t\t\t\t\t\t\t\t\t\t\t\t\t\t<\/span>\n\t\t\t\t\t\t\t\t\t\t\t\t<a class=\"elementor-accordion-title\" tabindex=\"0\">CARE<\/a>\n\t\t\t\t\t<\/div>\n\t\t\t\t\t<div id=\"elementor-tab-content-2672\" class=\"elementor-tab-content elementor-clearfix\" data-tab=\"2\" role=\"region\" aria-labelledby=\"elementor-tab-title-2672\"><div class=\"page\" title=\"Page 2\">\n<div class=\"layoutArea\">\n<div class=\"column\">\n<ul>\n<li>\n<p>Avoid eating very hard foods (stale bread, nuts, nougat, etc.), as well as chewing gum, sweets and gummy candies. Do not eat sandwiches or fruit by pulling with the front teeth (incisors); they should be cut up and chewed with the back teeth (molars).<\/p>\n<\/li>\n<li>\n<p>If these recommendations are not followed, the number of detached brackets, bent wires and loose bands will cause the treatment to take much longer.<\/p>\n<\/li>\n<li>\n<p>It is advisable to attend periodic check-ups (every 6 months or 1 year) with your dentist, unless they advise otherwise, in order to diagnose possible dental problems (cavities, periodontal disease, etc.).<\/p>\n<\/li>\n<li>\n<p>Adult patients must attend the periodontist within the timeframe indicated for follow-up.<\/p>\n<\/li>\n<li>\n<p>The appearance of cavities or white spots around the brackets is common if good hygiene is not maintained, so it is the patient\u2019s full and absolute responsibility.<\/p>\n<\/li>\n<li>\n<p>The appearance of gingivitis, periodontal disease, or worsening of it due to neglect of oral hygiene is the patient\u2019s full and absolute responsibility.<\/p>\n<\/li>\n<li>\n<p>Patients wearing orthodontic bands must check daily that they are not loose. If they are, they must come to the clinic so they can be re-cemented. <\/p>\n<\/li>\n<li>\n<p>If brackets, tubes or bite turbos come off, the archwire shifts, or ligatures come off, this should be reported before the next appointment, unless it does not cause discomfort and there is little time until the next check-up.<\/p>\n<\/li>\n<\/ul>\n<\/div>\n<\/div>\n<\/div>\n<\/div>\n\t\t\t\t<\/div>\n\t\t\t\t\t\t\t\t<\/div>\n\t\t\t\t\t\t<\/div>\n\t\t\t\t<\/div>\n\t\t\t\t\t<\/div>\n\t\t\t\t<\/div>\n\t\t<section class=\"elementor-element elementor-element-36666d2 e-con-full e-flex e-con e-parent\" data-id=\"36666d2\" data-element_type=\"container\" data-e-type=\"container\" data-settings=\"{&quot;background_background&quot;:&quot;classic&quot;}\">\n\t\t<div class=\"elementor-element elementor-element-6db3223 e-con-full e-flex e-con e-child\" data-id=\"6db3223\" data-element_type=\"container\" data-e-type=\"container\">\n\t\t\t\t<div class=\"elementor-element elementor-element-86d9ec1 elementor-widget elementor-widget-google_maps\" data-id=\"86d9ec1\" data-element_type=\"widget\" data-e-type=\"widget\" data-widget_type=\"google_maps.default\">\n\t\t\t\t\t\t\t<div class=\"elementor-custom-embed\">\n\t\t\t<iframe loading=\"lazy\"\n\t\t\t\t\tsrc=\"https:\/\/maps.google.com\/maps?q=Cl%C3%ADnica%20Dental%20Carabanchel%20%7C%20Dr.%20Tom%C3%A1s%20Hern%C3%A1n&#038;t=m&#038;z=16&#038;output=embed&#038;iwloc=near\"\n\t\t\t\t\ttitle=\"Cl\u00ednica Dental Carabanchel | Dr. Tom\u00e1s Hern\u00e1n\"\n\t\t\t\t\taria-label=\"Cl\u00ednica Dental Carabanchel | Dr. Tom\u00e1s Hern\u00e1n\"\n\t\t\t><\/iframe>\n\t\t<\/div>\n\t\t\t\t\t\t<\/div>\n\t\t\t\t<\/div>\n\t\t\t\t<\/section>\n\t\t\t\t<\/div>\n\t\t","protected":false},"excerpt":{"rendered":"<p>Information for patients during orthodontic treatment Adjustment period Orthodontic appliances may, at the beginning or during the course of treatment, cause discomfort in the teeth; in that case, you should take paracetamol (avoid anti-inflammatory medicines such as ibuprofen). Small sores may also appear due to rubbing; in that case, you should apply a little special [&hellip;]<\/p>\n","protected":false},"author":1,"featured_media":40291,"parent":40332,"menu_order":0,"comment_status":"closed","ping_status":"closed","template":"","meta":{"_joinchat":[],"footnotes":""},"class_list":["post-40319","page","type-page","status-publish","has-post-thumbnail","hentry"],"yoast_head":"<!-- This site is optimized with the Yoast SEO plugin v27.4 - https:\/\/yoast.com\/product\/yoast-seo-wordpress\/ -->\n<title>Multidisciplinary Dentistry in Carabanchel | Dr. Tom\u00e1s Hern\u00e1n<\/title>\n<meta name=\"description\" content=\"Multidisciplinary Dentistry in Carabanchel. We have a medical team comprised of experts in various branches of dentistry.\" \/>\n<meta name=\"robots\" content=\"index, follow, max-snippet:-1, max-image-preview:large, max-video-preview:-1\" \/>\n<link rel=\"canonical\" href=\"https:\/\/tomashernan.com\/en\/patient-information\/instructions-during-orthodontic-treatment\/\" \/>\n<meta property=\"og:locale\" content=\"en_US\" \/>\n<meta property=\"og:type\" content=\"article\" \/>\n<meta property=\"og:title\" content=\"Multidisciplinary Dentistry in Carabanchel | Dr. Tom\u00e1s Hern\u00e1n\" \/>\n<meta property=\"og:description\" content=\"Multidisciplinary Dentistry in Carabanchel. We have a medical team comprised of experts in various branches of dentistry.\" \/>\n<meta property=\"og:url\" content=\"https:\/\/tomashernan.com\/en\/patient-information\/instructions-during-orthodontic-treatment\/\" \/>\n<meta property=\"og:site_name\" content=\"Cl\u00ednica Dental Carabanchel | Dr. Tom\u00e1s Hern\u00e1n\" \/>\n<meta property=\"article:publisher\" content=\"https:\/\/www.facebook.com\/dental.estetica.madrid\" \/>\n<meta property=\"article:modified_time\" content=\"2026-02-19T09:42:25+00:00\" \/>\n<meta property=\"og:image\" content=\"https:\/\/tomashernan.com\/wp-content\/uploads\/2025\/12\/dentista.tomashernan-e1628939568922.jpg\" \/>\n\t<meta property=\"og:image:width\" content=\"582\" \/>\n\t<meta property=\"og:image:height\" content=\"530\" \/>\n\t<meta property=\"og:image:type\" content=\"image\/jpeg\" \/>\n<meta name=\"twitter:card\" content=\"summary_large_image\" \/>\n<meta name=\"twitter:label1\" content=\"Est. reading time\" \/>\n\t<meta name=\"twitter:data1\" content=\"2 minutes\" \/>\n<script type=\"application\/ld+json\" class=\"yoast-schema-graph\">{\"@context\":\"https:\\\/\\\/schema.org\",\"@graph\":[{\"@type\":\"WebPage\",\"@id\":\"https:\\\/\\\/tomashernan.com\\\/en\\\/patient-information\\\/instructions-during-orthodontic-treatment\\\/\",\"url\":\"https:\\\/\\\/tomashernan.com\\\/en\\\/patient-information\\\/instructions-during-orthodontic-treatment\\\/\",\"name\":\"Multidisciplinary Dentistry in Carabanchel | Dr. Tom\u00e1s Hern\u00e1n\",\"isPartOf\":{\"@id\":\"https:\\\/\\\/tomashernan.com\\\/en\\\/#website\"},\"primaryImageOfPage\":{\"@id\":\"https:\\\/\\\/tomashernan.com\\\/en\\\/patient-information\\\/instructions-during-orthodontic-treatment\\\/#primaryimage\"},\"image\":{\"@id\":\"https:\\\/\\\/tomashernan.com\\\/en\\\/patient-information\\\/instructions-during-orthodontic-treatment\\\/#primaryimage\"},\"thumbnailUrl\":\"https:\\\/\\\/tomashernan.com\\\/wp-content\\\/uploads\\\/2025\\\/12\\\/dentista.tomashernan-e1628939568922.jpg\",\"datePublished\":\"2025-12-17T13:49:38+00:00\",\"dateModified\":\"2026-02-19T09:42:25+00:00\",\"description\":\"Multidisciplinary Dentistry in Carabanchel. We have a medical team comprised of experts in various branches of dentistry.\",\"breadcrumb\":{\"@id\":\"https:\\\/\\\/tomashernan.com\\\/en\\\/patient-information\\\/instructions-during-orthodontic-treatment\\\/#breadcrumb\"},\"inLanguage\":\"en-US\",\"potentialAction\":[{\"@type\":\"ReadAction\",\"target\":[\"https:\\\/\\\/tomashernan.com\\\/en\\\/patient-information\\\/instructions-during-orthodontic-treatment\\\/\"]}]},{\"@type\":\"ImageObject\",\"inLanguage\":\"en-US\",\"@id\":\"https:\\\/\\\/tomashernan.com\\\/en\\\/patient-information\\\/instructions-during-orthodontic-treatment\\\/#primaryimage\",\"url\":\"https:\\\/\\\/tomashernan.com\\\/wp-content\\\/uploads\\\/2025\\\/12\\\/dentista.tomashernan-e1628939568922.jpg\",\"contentUrl\":\"https:\\\/\\\/tomashernan.com\\\/wp-content\\\/uploads\\\/2025\\\/12\\\/dentista.tomashernan-e1628939568922.jpg\",\"width\":582,\"height\":530},{\"@type\":\"BreadcrumbList\",\"@id\":\"https:\\\/\\\/tomashernan.com\\\/en\\\/patient-information\\\/instructions-during-orthodontic-treatment\\\/#breadcrumb\",\"itemListElement\":[{\"@type\":\"ListItem\",\"position\":1,\"name\":\"Portada\",\"item\":\"https:\\\/\\\/tomashernan.com\\\/en\\\/home\\\/\"},{\"@type\":\"ListItem\",\"position\":2,\"name\":\"Patient Information\",\"item\":\"https:\\\/\\\/tomashernan.com\\\/en\\\/patient-information\\\/\"},{\"@type\":\"ListItem\",\"position\":3,\"name\":\"Instructions during orthodontic treatment\"}]},{\"@type\":\"WebSite\",\"@id\":\"https:\\\/\\\/tomashernan.com\\\/en\\\/#website\",\"url\":\"https:\\\/\\\/tomashernan.com\\\/en\\\/\",\"name\":\"Cl\u00ednica Dental Carabanchel | Dr. Tom\u00e1s Hern\u00e1n\",\"description\":\"Cl\u00ednica Dental Carabanchel | Dr. Tom\u00e1s Hern\u00e1n\",\"publisher\":{\"@id\":\"https:\\\/\\\/tomashernan.com\\\/en\\\/#organization\"},\"alternateName\":\"Cl\u00ednica TH\",\"potentialAction\":[{\"@type\":\"SearchAction\",\"target\":{\"@type\":\"EntryPoint\",\"urlTemplate\":\"https:\\\/\\\/tomashernan.com\\\/en\\\/?s={search_term_string}\"},\"query-input\":{\"@type\":\"PropertyValueSpecification\",\"valueRequired\":true,\"valueName\":\"search_term_string\"}}],\"inLanguage\":\"en-US\"},{\"@type\":\"Organization\",\"@id\":\"https:\\\/\\\/tomashernan.com\\\/en\\\/#organization\",\"name\":\"Cl\u00ednica Dental Dr. Tom\u00e1s Hern\u00e1n\",\"alternateName\":\"Cl\u00ednica Dental Carabanchel TH\",\"url\":\"https:\\\/\\\/tomashernan.com\\\/en\\\/\",\"logo\":{\"@type\":\"ImageObject\",\"inLanguage\":\"en-US\",\"@id\":\"https:\\\/\\\/tomashernan.com\\\/en\\\/#\\\/schema\\\/logo\\\/image\\\/\",\"url\":\"https:\\\/\\\/tomashernan.com\\\/wp-content\\\/uploads\\\/2026\\\/02\\\/logo-th-scaled.png\",\"contentUrl\":\"https:\\\/\\\/tomashernan.com\\\/wp-content\\\/uploads\\\/2026\\\/02\\\/logo-th-scaled.png\",\"width\":2560,\"height\":2048,\"caption\":\"Cl\u00ednica Dental Dr. Tom\u00e1s Hern\u00e1n\"},\"image\":{\"@id\":\"https:\\\/\\\/tomashernan.com\\\/en\\\/#\\\/schema\\\/logo\\\/image\\\/\"},\"sameAs\":[\"https:\\\/\\\/www.facebook.com\\\/dental.estetica.madrid\",\"https:\\\/\\\/www.instagram.com\\\/dental.estetica.madrid\\\/\",\"https:\\\/\\\/www.youtube.com\\\/channel\\\/UClwCoZ8DkBcU3KNJhUfUPQg\"]}]}<\/script>\n<!-- \/ Yoast SEO plugin. -->","yoast_head_json":{"title":"Multidisciplinary Dentistry in Carabanchel | Dr. Tom\u00e1s Hern\u00e1n","description":"Multidisciplinary Dentistry in Carabanchel. We have a medical team comprised of experts in various branches of dentistry.","robots":{"index":"index","follow":"follow","max-snippet":"max-snippet:-1","max-image-preview":"max-image-preview:large","max-video-preview":"max-video-preview:-1"},"canonical":"https:\/\/tomashernan.com\/en\/patient-information\/instructions-during-orthodontic-treatment\/","og_locale":"en_US","og_type":"article","og_title":"Multidisciplinary Dentistry in Carabanchel | Dr. Tom\u00e1s Hern\u00e1n","og_description":"Multidisciplinary Dentistry in Carabanchel. We have a medical team comprised of experts in various branches of dentistry.","og_url":"https:\/\/tomashernan.com\/en\/patient-information\/instructions-during-orthodontic-treatment\/","og_site_name":"Cl\u00ednica Dental Carabanchel | Dr. Tom\u00e1s Hern\u00e1n","article_publisher":"https:\/\/www.facebook.com\/dental.estetica.madrid","article_modified_time":"2026-02-19T09:42:25+00:00","og_image":[{"width":582,"height":530,"url":"https:\/\/tomashernan.com\/wp-content\/uploads\/2025\/12\/dentista.tomashernan-e1628939568922.jpg","type":"image\/jpeg"}],"twitter_card":"summary_large_image","twitter_misc":{"Est. reading time":"2 minutes"},"schema":{"@context":"https:\/\/schema.org","@graph":[{"@type":"WebPage","@id":"https:\/\/tomashernan.com\/en\/patient-information\/instructions-during-orthodontic-treatment\/","url":"https:\/\/tomashernan.com\/en\/patient-information\/instructions-during-orthodontic-treatment\/","name":"Multidisciplinary Dentistry in Carabanchel | Dr. Tom\u00e1s Hern\u00e1n","isPartOf":{"@id":"https:\/\/tomashernan.com\/en\/#website"},"primaryImageOfPage":{"@id":"https:\/\/tomashernan.com\/en\/patient-information\/instructions-during-orthodontic-treatment\/#primaryimage"},"image":{"@id":"https:\/\/tomashernan.com\/en\/patient-information\/instructions-during-orthodontic-treatment\/#primaryimage"},"thumbnailUrl":"https:\/\/tomashernan.com\/wp-content\/uploads\/2025\/12\/dentista.tomashernan-e1628939568922.jpg","datePublished":"2025-12-17T13:49:38+00:00","dateModified":"2026-02-19T09:42:25+00:00","description":"Multidisciplinary Dentistry in Carabanchel. We have a medical team comprised of experts in various branches of dentistry.","breadcrumb":{"@id":"https:\/\/tomashernan.com\/en\/patient-information\/instructions-during-orthodontic-treatment\/#breadcrumb"},"inLanguage":"en-US","potentialAction":[{"@type":"ReadAction","target":["https:\/\/tomashernan.com\/en\/patient-information\/instructions-during-orthodontic-treatment\/"]}]},{"@type":"ImageObject","inLanguage":"en-US","@id":"https:\/\/tomashernan.com\/en\/patient-information\/instructions-during-orthodontic-treatment\/#primaryimage","url":"https:\/\/tomashernan.com\/wp-content\/uploads\/2025\/12\/dentista.tomashernan-e1628939568922.jpg","contentUrl":"https:\/\/tomashernan.com\/wp-content\/uploads\/2025\/12\/dentista.tomashernan-e1628939568922.jpg","width":582,"height":530},{"@type":"BreadcrumbList","@id":"https:\/\/tomashernan.com\/en\/patient-information\/instructions-during-orthodontic-treatment\/#breadcrumb","itemListElement":[{"@type":"ListItem","position":1,"name":"Portada","item":"https:\/\/tomashernan.com\/en\/home\/"},{"@type":"ListItem","position":2,"name":"Patient Information","item":"https:\/\/tomashernan.com\/en\/patient-information\/"},{"@type":"ListItem","position":3,"name":"Instructions during orthodontic treatment"}]},{"@type":"WebSite","@id":"https:\/\/tomashernan.com\/en\/#website","url":"https:\/\/tomashernan.com\/en\/","name":"Cl\u00ednica Dental Carabanchel | Dr. Tom\u00e1s Hern\u00e1n","description":"Cl\u00ednica Dental Carabanchel | Dr. Tom\u00e1s Hern\u00e1n","publisher":{"@id":"https:\/\/tomashernan.com\/en\/#organization"},"alternateName":"Cl\u00ednica TH","potentialAction":[{"@type":"SearchAction","target":{"@type":"EntryPoint","urlTemplate":"https:\/\/tomashernan.com\/en\/?s={search_term_string}"},"query-input":{"@type":"PropertyValueSpecification","valueRequired":true,"valueName":"search_term_string"}}],"inLanguage":"en-US"},{"@type":"Organization","@id":"https:\/\/tomashernan.com\/en\/#organization","name":"Cl\u00ednica Dental Dr. Tom\u00e1s Hern\u00e1n","alternateName":"Cl\u00ednica Dental Carabanchel TH","url":"https:\/\/tomashernan.com\/en\/","logo":{"@type":"ImageObject","inLanguage":"en-US","@id":"https:\/\/tomashernan.com\/en\/#\/schema\/logo\/image\/","url":"https:\/\/tomashernan.com\/wp-content\/uploads\/2026\/02\/logo-th-scaled.png","contentUrl":"https:\/\/tomashernan.com\/wp-content\/uploads\/2026\/02\/logo-th-scaled.png","width":2560,"height":2048,"caption":"Cl\u00ednica Dental Dr. Tom\u00e1s Hern\u00e1n"},"image":{"@id":"https:\/\/tomashernan.com\/en\/#\/schema\/logo\/image\/"},"sameAs":["https:\/\/www.facebook.com\/dental.estetica.madrid","https:\/\/www.instagram.com\/dental.estetica.madrid\/","https:\/\/www.youtube.com\/channel\/UClwCoZ8DkBcU3KNJhUfUPQg"]}]}},"_links":{"self":[{"href":"https:\/\/tomashernan.com\/en\/wp-json\/wp\/v2\/pages\/40319","targetHints":{"allow":["GET"]}}],"collection":[{"href":"https:\/\/tomashernan.com\/en\/wp-json\/wp\/v2\/pages"}],"about":[{"href":"https:\/\/tomashernan.com\/en\/wp-json\/wp\/v2\/types\/page"}],"author":[{"embeddable":true,"href":"https:\/\/tomashernan.com\/en\/wp-json\/wp\/v2\/users\/1"}],"replies":[{"embeddable":true,"href":"https:\/\/tomashernan.com\/en\/wp-json\/wp\/v2\/comments?post=40319"}],"version-history":[{"count":1,"href":"https:\/\/tomashernan.com\/en\/wp-json\/wp\/v2\/pages\/40319\/revisions"}],"predecessor-version":[{"id":40320,"href":"https:\/\/tomashernan.com\/en\/wp-json\/wp\/v2\/pages\/40319\/revisions\/40320"}],"up":[{"embeddable":true,"href":"https:\/\/tomashernan.com\/en\/wp-json\/wp\/v2\/pages\/40332"}],"wp:featuredmedia":[{"embeddable":true,"href":"https:\/\/tomashernan.com\/en\/wp-json\/wp\/v2\/media\/40291"}],"wp:attachment":[{"href":"https:\/\/tomashernan.com\/en\/wp-json\/wp\/v2\/media?parent=40319"}],"curies":[{"name":"wp","href":"https:\/\/api.w.org\/{rel}","templated":true}]}}