{"id":40349,"date":"2025-09-15T17:43:26","date_gmt":"2025-09-15T15:43:26","guid":{"rendered":"https:\/\/tomashernan.com\/services\/cosmetic-dentistry\/"},"modified":"2026-02-26T10:20:31","modified_gmt":"2026-02-26T09:20:31","slug":"cosmetic-dentistry","status":"publish","type":"page","link":"https:\/\/tomashernan.com\/en\/services\/cosmetic-dentistry\/","title":{"rendered":"Cosmetic Dentistry"},"content":{"rendered":"\t\t<div data-elementor-type=\"wp-page\" data-elementor-id=\"40349\" class=\"elementor elementor-40349 elementor-76\" data-elementor-post-type=\"page\">\n\t\t\t\t<div class=\"elementor-element elementor-element-85b00fa e-flex e-con-boxed e-con e-parent\" data-id=\"85b00fa\" data-element_type=\"container\" data-e-type=\"container\" data-settings=\"{&quot;background_background&quot;:&quot;classic&quot;}\">\n\t\t\t\t\t<div class=\"e-con-inner\">\n\t\t\t\t<div class=\"elementor-element elementor-element-5b33dc6 elementor-absolute elementor-widget elementor-widget-image\" data-id=\"5b33dc6\" data-element_type=\"widget\" data-e-type=\"widget\" data-settings=\"{&quot;_position&quot;:&quot;absolute&quot;}\" data-widget_type=\"image.default\">\n\t\t\t\t\t\t\t\t\t\t\t\t\t\t\t<img decoding=\"async\" width=\"45\" height=\"414\" src=\"https:\/\/tomashernan.com\/wp-content\/uploads\/2025\/09\/puntos.svg\" class=\"attachment-large size-large wp-image-40191\" alt=\"\" \/>\t\t\t\t\t\t\t\t\t\t\t\t\t\t\t<\/div>\n\t\t\t\t<div class=\"elementor-element elementor-element-0f0e85a elementor-widget elementor-widget-heading\" data-id=\"0f0e85a\" data-element_type=\"widget\" data-e-type=\"widget\" data-widget_type=\"heading.default\">\n\t\t\t\t\t<p class=\"elementor-heading-title elementor-size-default\">SERVICES &gt; DENTISTRY &gt; Cosmetic dentistry<\/p>\t\t\t\t<\/div>\n\t\t\t\t<div class=\"elementor-element elementor-element-107e4a8 elementor-widget elementor-widget-heading\" data-id=\"107e4a8\" data-element_type=\"widget\" data-e-type=\"widget\" data-widget_type=\"heading.default\">\n\t\t\t\t\t<h1 class=\"elementor-heading-title elementor-size-default\">Cosmetic dentistry in Carabanchel<\/h1>\t\t\t\t<\/div>\n\t\t\t\t<div class=\"elementor-element elementor-element-37d56c5 elementor-widget elementor-widget-image\" data-id=\"37d56c5\" data-element_type=\"widget\" data-e-type=\"widget\" data-widget_type=\"image.default\">\n\t\t\t\t\t\t\t\t\t\t\t\t\t\t\t<img decoding=\"async\" width=\"1163\" height=\"2\" src=\"https:\/\/tomashernan.com\/wp-content\/uploads\/2025\/09\/separados-blanco.svg\" class=\"attachment-full size-full wp-image-40204\" alt=\"\" \/>\t\t\t\t\t\t\t\t\t\t\t\t\t\t\t<\/div>\n\t\t<div class=\"elementor-element elementor-element-9cb68d7 e-con-full e-flex e-con e-child\" data-id=\"9cb68d7\" data-element_type=\"container\" data-e-type=\"container\">\n\t\t<div class=\"elementor-element elementor-element-de629df e-con-full e-flex e-con e-child\" data-id=\"de629df\" data-element_type=\"container\" data-e-type=\"container\">\n\t\t\t\t<div class=\"elementor-element elementor-element-09726c8 elementor-widget__width-initial elementor-widget elementor-widget-text-editor\" data-id=\"09726c8\" data-element_type=\"widget\" data-e-type=\"widget\" data-widget_type=\"text-editor.default\">\n\t\t\t\t\t\t\t\t\t<p>Nowadays, patients visiting our dental clinic do not only want their treatment to restore the health or functionality of their mouth.<\/p><p>In addition, they seek procedures that provide the best possible aesthetic results. To meet this need, dentistry offers a specialty that has advanced significantly in recent years: Cosmetic Dentistry. <\/p><p>Cosmetic dentistry allows for the natural improvement of the shape, color, and harmony of your smile. At our clinic in Carabanchel, we offer personalized treatments such as veneers, whitening, and smile design to enhance your image with balanced and long-lasting results. A well-cared-for smile conveys health, confidence, and well-being.  <\/p>\t\t\t\t\t\t\t\t<\/div>\n\t\t\t\t<\/div>\n\t\t<div class=\"elementor-element elementor-element-990f5bc e-con-full e-flex e-con e-child\" data-id=\"990f5bc\" data-element_type=\"container\" data-e-type=\"container\">\n\t\t\t\t<div class=\"elementor-element elementor-element-04a0efe elementor-mobile-align-justify e-transform elementor-widget elementor-widget-button\" data-id=\"04a0efe\" data-element_type=\"widget\" data-e-type=\"widget\" data-settings=\"{&quot;_transform_translateY_effect_hover&quot;:{&quot;unit&quot;:&quot;px&quot;,&quot;size&quot;:-2,&quot;sizes&quot;:[]},&quot;_transform_translateX_effect_hover&quot;:{&quot;unit&quot;:&quot;px&quot;,&quot;size&quot;:&quot;&quot;,&quot;sizes&quot;:[]},&quot;_transform_translateX_effect_hover_widescreen&quot;:{&quot;unit&quot;:&quot;px&quot;,&quot;size&quot;:&quot;&quot;,&quot;sizes&quot;:[]},&quot;_transform_translateX_effect_hover_laptop&quot;:{&quot;unit&quot;:&quot;px&quot;,&quot;size&quot;:&quot;&quot;,&quot;sizes&quot;:[]},&quot;_transform_translateX_effect_hover_tablet&quot;:{&quot;unit&quot;:&quot;px&quot;,&quot;size&quot;:&quot;&quot;,&quot;sizes&quot;:[]},&quot;_transform_translateX_effect_hover_mobile&quot;:{&quot;unit&quot;:&quot;px&quot;,&quot;size&quot;:&quot;&quot;,&quot;sizes&quot;:[]},&quot;_transform_translateY_effect_hover_widescreen&quot;:{&quot;unit&quot;:&quot;px&quot;,&quot;size&quot;:&quot;&quot;,&quot;sizes&quot;:[]},&quot;_transform_translateY_effect_hover_laptop&quot;:{&quot;unit&quot;:&quot;px&quot;,&quot;size&quot;:&quot;&quot;,&quot;sizes&quot;:[]},&quot;_transform_translateY_effect_hover_tablet&quot;:{&quot;unit&quot;:&quot;px&quot;,&quot;size&quot;:&quot;&quot;,&quot;sizes&quot;:[]},&quot;_transform_translateY_effect_hover_mobile&quot;:{&quot;unit&quot;:&quot;px&quot;,&quot;size&quot;:&quot;&quot;,&quot;sizes&quot;:[]}}\" data-widget_type=\"button.default\">\n\t\t\t\t\t\t\t\t\t\t<a class=\"elementor-button elementor-button-link elementor-size-sm\" href=\"https:\/\/tomashernan.com\/en\/contact\/\">\n\t\t\t\t\t\t<span class=\"elementor-button-content-wrapper\">\n\t\t\t\t\t\t\t\t\t<span class=\"elementor-button-text\">Book an appointment<\/span>\n\t\t\t\t\t<\/span>\n\t\t\t\t\t<\/a>\n\t\t\t\t\t\t\t\t<\/div>\n\t\t\t\t<\/div>\n\t\t<a class=\"elementor-element elementor-element-82bd5e3 e-con-full e-flex e-con e-child\" data-id=\"82bd5e3\" data-element_type=\"container\" data-e-type=\"container\" data-settings=\"{&quot;background_background&quot;:&quot;classic&quot;}\" href=\"#resenas\">\n\t\t<div class=\"elementor-element elementor-element-d5e596f e-con-full e-flex e-con e-child\" data-id=\"d5e596f\" data-element_type=\"container\" data-e-type=\"container\">\n\t\t\t\t<div class=\"elementor-element elementor-element-b9a2f8c elementor-widget elementor-widget-image\" data-id=\"b9a2f8c\" data-element_type=\"widget\" data-e-type=\"widget\" data-widget_type=\"image.default\">\n\t\t\t\t\t\t\t\t\t\t\t\t\t\t\t<img fetchpriority=\"high\" decoding=\"async\" width=\"628\" height=\"172\" src=\"https:\/\/tomashernan.com\/wp-content\/uploads\/2026\/02\/49-google.jpg\" class=\"attachment-large size-large wp-image-40669\" alt=\"\" srcset=\"https:\/\/tomashernan.com\/wp-content\/uploads\/2026\/02\/49-google.jpg 628w, https:\/\/tomashernan.com\/wp-content\/uploads\/2026\/02\/49-google-300x82.jpg 300w\" sizes=\"(max-width: 628px) 100vw, 628px\" \/>\t\t\t\t\t\t\t\t\t\t\t\t\t\t\t<\/div>\n\t\t\t\t<div class=\"elementor-element elementor-element-4260a04 elementor-widget elementor-widget-heading\" data-id=\"4260a04\" data-element_type=\"widget\" data-e-type=\"widget\" data-widget_type=\"heading.default\">\n\t\t\t\t\t<p class=\"elementor-heading-title elementor-size-default\">+300 verified reviews<\/p>\t\t\t\t<\/div>\n\t\t\t\t<\/div>\n\t\t\t\t<\/a>\n\t\t\t\t<\/div>\n\t\t\t\t\t<\/div>\n\t\t\t\t<\/div>\n\t\t<div class=\"elementor-element elementor-element-e4dba6b e-flex e-con-boxed e-con e-parent\" data-id=\"e4dba6b\" data-element_type=\"container\" data-e-type=\"container\" data-settings=\"{&quot;background_background&quot;:&quot;video&quot;,&quot;background_video_link&quot;:&quot;https:\\\/\\\/tomashernan.com\\\/wp-content\\\/uploads\\\/2026\\\/02\\\/estetica-dental_1.mp4&quot;,&quot;background_play_on_mobile&quot;:&quot;yes&quot;}\">\n\t\t\t\t\t<div class=\"e-con-inner\">\n\t\t<div class=\"elementor-background-video-container\">\n\t\t\t\t\t\t\t<video class=\"elementor-background-video-hosted\" role=\"presentation\" autoplay muted playsinline loop><\/video>\n\t\t\t\t\t<\/div>\t\t\t<\/div>\n\t\t\t\t<\/div>\n\t\t<div class=\"elementor-element elementor-element-f7f0f60 e-flex e-con-boxed e-con e-parent\" data-id=\"f7f0f60\" data-element_type=\"container\" data-e-type=\"container\">\n\t\t\t\t\t<div class=\"e-con-inner\">\n\t\t\t\t<div class=\"elementor-element elementor-element-c62058b elementor-widget elementor-widget-heading\" data-id=\"c62058b\" data-element_type=\"widget\" data-e-type=\"widget\" data-widget_type=\"heading.default\">\n\t\t\t\t\t<h2 class=\"elementor-heading-title elementor-size-default\">Frequently asked questions about<br>Cosmetic dentistry\n\n\n <\/h2>\t\t\t\t<\/div>\n\t\t<div class=\"elementor-element elementor-element-781909c e-grid e-con-full e-con e-child\" data-id=\"781909c\" data-element_type=\"container\" data-e-type=\"container\">\n\t\t<div class=\"elementor-element elementor-element-f70c569 e-con-full e-flex e-con e-child\" data-id=\"f70c569\" data-element_type=\"container\" data-e-type=\"container\" data-settings=\"{&quot;background_background&quot;:&quot;classic&quot;}\">\n\t\t\t\t<div class=\"elementor-element elementor-element-7288aff elementor-widget elementor-widget-heading\" data-id=\"7288aff\" data-element_type=\"widget\" data-e-type=\"widget\" data-widget_type=\"heading.default\">\n\t\t\t\t\t<h4 class=\"elementor-heading-title elementor-size-default\">What is the age requirement for treatment?\n<\/h4>\t\t\t\t<\/div>\n\t\t\t\t<div class=\"elementor-element elementor-element-ae4b6c5 paso-tratamiento elementor-widget elementor-widget-text-editor\" data-id=\"ae4b6c5\" data-element_type=\"widget\" data-e-type=\"widget\" data-widget_type=\"text-editor.default\">\n\t\t\t\t\t\t\t\t\t<p>Anyone can undergo these treatments. However, it is important that one condition is met: the mouth must be healthy. Anyone can undergo these treatments, but it is essential for the mouth to be healthy\u2014free of cavities, infections, or gum problems. Good oral health is the foundation for achieving safe, natural, and long-lasting aesthetic results with our cosmetic dentistry treatments in <a href=\"https:\/\/www.google.com\/maps?ll=40.361477,-3.756965&amp;z=17&amp;t=m&amp;hl=es-ES&amp;gl=US&amp;mapclient=embed&amp;q=Cl%C3%ADnica+Dental+Carabanchel+%7C+Dr.+Tom%C3%A1s+Hern%C3%A1n\">Carabanchel.<\/a>    <\/p>\t\t\t\t\t\t\t\t<\/div>\n\t\t\t\t<\/div>\n\t\t<div class=\"elementor-element elementor-element-4ee1192 e-con-full e-flex e-con e-child\" data-id=\"4ee1192\" data-element_type=\"container\" data-e-type=\"container\" data-settings=\"{&quot;background_background&quot;:&quot;classic&quot;}\">\n\t\t\t\t<div class=\"elementor-element elementor-element-d517086 elementor-widget elementor-widget-heading\" data-id=\"d517086\" data-element_type=\"widget\" data-e-type=\"widget\" data-widget_type=\"heading.default\">\n\t\t\t\t\t<h4 class=\"elementor-heading-title elementor-size-default\">What are the most common cosmetic dentistry treatments?\n<\/h4>\t\t\t\t<\/div>\n\t\t\t\t<div class=\"elementor-element elementor-element-b92a644 paso-tratamiento elementor-widget elementor-widget-text-editor\" data-id=\"b92a644\" data-element_type=\"widget\" data-e-type=\"widget\" data-widget_type=\"text-editor.default\">\n\t\t\t\t\t\t\t\t\t<p>The most in-demand treatments in the field of cosmetic dentistry are veneers (porcelain or composite), whitening, gingivectomy, and reconstructions.<\/p><p>If you are interested in improving the appearance of your smile with a cosmetic dentistry treatment, book your no-obligation assessment with us.<\/p><p>Backed by more than 40 years of experience.<\/p>\t\t\t\t\t\t\t\t<\/div>\n\t\t\t\t<\/div>\n\t\t\t\t<\/div>\n\t\t\t\t<div class=\"elementor-element elementor-element-70d997b elementor-mobile-align-justify e-transform elementor-align-center elementor-widget elementor-widget-button\" data-id=\"70d997b\" data-element_type=\"widget\" data-e-type=\"widget\" data-settings=\"{&quot;_transform_translateY_effect_hover&quot;:{&quot;unit&quot;:&quot;px&quot;,&quot;size&quot;:-2,&quot;sizes&quot;:[]},&quot;_transform_translateX_effect_hover&quot;:{&quot;unit&quot;:&quot;px&quot;,&quot;size&quot;:&quot;&quot;,&quot;sizes&quot;:[]},&quot;_transform_translateX_effect_hover_widescreen&quot;:{&quot;unit&quot;:&quot;px&quot;,&quot;size&quot;:&quot;&quot;,&quot;sizes&quot;:[]},&quot;_transform_translateX_effect_hover_laptop&quot;:{&quot;unit&quot;:&quot;px&quot;,&quot;size&quot;:&quot;&quot;,&quot;sizes&quot;:[]},&quot;_transform_translateX_effect_hover_tablet&quot;:{&quot;unit&quot;:&quot;px&quot;,&quot;size&quot;:&quot;&quot;,&quot;sizes&quot;:[]},&quot;_transform_translateX_effect_hover_mobile&quot;:{&quot;unit&quot;:&quot;px&quot;,&quot;size&quot;:&quot;&quot;,&quot;sizes&quot;:[]},&quot;_transform_translateY_effect_hover_widescreen&quot;:{&quot;unit&quot;:&quot;px&quot;,&quot;size&quot;:&quot;&quot;,&quot;sizes&quot;:[]},&quot;_transform_translateY_effect_hover_laptop&quot;:{&quot;unit&quot;:&quot;px&quot;,&quot;size&quot;:&quot;&quot;,&quot;sizes&quot;:[]},&quot;_transform_translateY_effect_hover_tablet&quot;:{&quot;unit&quot;:&quot;px&quot;,&quot;size&quot;:&quot;&quot;,&quot;sizes&quot;:[]},&quot;_transform_translateY_effect_hover_mobile&quot;:{&quot;unit&quot;:&quot;px&quot;,&quot;size&quot;:&quot;&quot;,&quot;sizes&quot;:[]}}\" data-widget_type=\"button.default\">\n\t\t\t\t\t\t\t\t\t\t<a class=\"elementor-button elementor-button-link elementor-size-sm\" href=\"https:\/\/tomashernan.com\/en\/contact\/\">\n\t\t\t\t\t\t<span class=\"elementor-button-content-wrapper\">\n\t\t\t\t\t\t\t\t\t<span class=\"elementor-button-text\">Book an appointment<\/span>\n\t\t\t\t\t<\/span>\n\t\t\t\t\t<\/a>\n\t\t\t\t\t\t\t\t<\/div>\n\t\t\t\t\t<\/div>\n\t\t\t\t<\/div>\n\t\t\t\t<\/div>\n\t\t","protected":false},"excerpt":{"rendered":"<p>Cosmetic dentistry in Carabanchel to improve your smile with natural results. Smile design, veneers, and whitening. Book an appointment.  <\/p>\n","protected":false},"author":1,"featured_media":40189,"parent":40248,"menu_order":0,"comment_status":"closed","ping_status":"closed","template":"","meta":{"_joinchat":[],"footnotes":""},"class_list":["post-40349","page","type-page","status-publish","has-post-thumbnail","hentry"],"yoast_head":"<!-- This site is optimized with the Yoast SEO plugin v27.4 - https:\/\/yoast.com\/product\/yoast-seo-wordpress\/ -->\n<title>Cosmetic Dentistry in Carabanchel | TH Clinic<\/title>\n<meta name=\"description\" content=\"Cosmetic dentistry in Carabanchel to improve your smile with natural results. Smile design, veneers, and whitening. Book an appointment.\" \/>\n<meta name=\"robots\" content=\"index, follow, max-snippet:-1, max-image-preview:large, max-video-preview:-1\" \/>\n<link rel=\"canonical\" href=\"https:\/\/tomashernan.com\/en\/services\/cosmetic-dentistry\/\" \/>\n<meta property=\"og:locale\" content=\"en_US\" \/>\n<meta property=\"og:type\" content=\"article\" \/>\n<meta property=\"og:title\" content=\"Cosmetic Dentistry in Carabanchel | TH Clinic\" \/>\n<meta property=\"og:description\" content=\"Cosmetic dentistry in Carabanchel to improve your smile with natural results. Smile design, veneers, and whitening. Book an appointment.\" \/>\n<meta property=\"og:url\" content=\"https:\/\/tomashernan.com\/en\/services\/cosmetic-dentistry\/\" \/>\n<meta property=\"og:site_name\" content=\"Cl\u00ednica Dental Carabanchel | Dr. Tom\u00e1s Hern\u00e1n\" \/>\n<meta property=\"article:publisher\" content=\"https:\/\/www.facebook.com\/dental.estetica.madrid\" \/>\n<meta property=\"article:modified_time\" content=\"2026-02-26T09:20:31+00:00\" \/>\n<meta property=\"og:image\" content=\"https:\/\/tomashernan.com\/wp-content\/uploads\/2025\/09\/IMG_9821.jpg\" \/>\n\t<meta property=\"og:image:width\" content=\"1200\" \/>\n\t<meta property=\"og:image:height\" content=\"800\" \/>\n\t<meta property=\"og:image:type\" content=\"image\/jpeg\" \/>\n<meta name=\"twitter:card\" content=\"summary_large_image\" \/>\n<meta name=\"twitter:label1\" content=\"Est. reading time\" \/>\n\t<meta name=\"twitter:data1\" content=\"1 minute\" \/>\n<script type=\"application\/ld+json\" class=\"yoast-schema-graph\">{\"@context\":\"https:\\\/\\\/schema.org\",\"@graph\":[{\"@type\":\"WebPage\",\"@id\":\"https:\\\/\\\/tomashernan.com\\\/en\\\/services\\\/cosmetic-dentistry\\\/\",\"url\":\"https:\\\/\\\/tomashernan.com\\\/en\\\/services\\\/cosmetic-dentistry\\\/\",\"name\":\"Cosmetic Dentistry in Carabanchel | TH Clinic\",\"isPartOf\":{\"@id\":\"https:\\\/\\\/tomashernan.com\\\/en\\\/#website\"},\"primaryImageOfPage\":{\"@id\":\"https:\\\/\\\/tomashernan.com\\\/en\\\/services\\\/cosmetic-dentistry\\\/#primaryimage\"},\"image\":{\"@id\":\"https:\\\/\\\/tomashernan.com\\\/en\\\/services\\\/cosmetic-dentistry\\\/#primaryimage\"},\"thumbnailUrl\":\"https:\\\/\\\/tomashernan.com\\\/wp-content\\\/uploads\\\/2025\\\/09\\\/IMG_9821.jpg\",\"datePublished\":\"2025-09-15T15:43:26+00:00\",\"dateModified\":\"2026-02-26T09:20:31+00:00\",\"description\":\"Cosmetic dentistry in Carabanchel to improve your smile with natural results. Smile design, veneers, and whitening. Book an appointment.\",\"breadcrumb\":{\"@id\":\"https:\\\/\\\/tomashernan.com\\\/en\\\/services\\\/cosmetic-dentistry\\\/#breadcrumb\"},\"inLanguage\":\"en-US\",\"potentialAction\":[{\"@type\":\"ReadAction\",\"target\":[\"https:\\\/\\\/tomashernan.com\\\/en\\\/services\\\/cosmetic-dentistry\\\/\"]}]},{\"@type\":\"ImageObject\",\"inLanguage\":\"en-US\",\"@id\":\"https:\\\/\\\/tomashernan.com\\\/en\\\/services\\\/cosmetic-dentistry\\\/#primaryimage\",\"url\":\"https:\\\/\\\/tomashernan.com\\\/wp-content\\\/uploads\\\/2025\\\/09\\\/IMG_9821.jpg\",\"contentUrl\":\"https:\\\/\\\/tomashernan.com\\\/wp-content\\\/uploads\\\/2025\\\/09\\\/IMG_9821.jpg\",\"width\":1200,\"height\":800,\"caption\":\"Cosmetic Dentistry in Carabanchel\"},{\"@type\":\"BreadcrumbList\",\"@id\":\"https:\\\/\\\/tomashernan.com\\\/en\\\/services\\\/cosmetic-dentistry\\\/#breadcrumb\",\"itemListElement\":[{\"@type\":\"ListItem\",\"position\":1,\"name\":\"Portada\",\"item\":\"https:\\\/\\\/tomashernan.com\\\/en\\\/home\\\/\"},{\"@type\":\"ListItem\",\"position\":2,\"name\":\"Services\",\"item\":\"https:\\\/\\\/tomashernan.com\\\/en\\\/services\\\/\"},{\"@type\":\"ListItem\",\"position\":3,\"name\":\"Cosmetic Dentistry\"}]},{\"@type\":\"WebSite\",\"@id\":\"https:\\\/\\\/tomashernan.com\\\/en\\\/#website\",\"url\":\"https:\\\/\\\/tomashernan.com\\\/en\\\/\",\"name\":\"Cl\u00ednica Dental Carabanchel | Dr. Tom\u00e1s Hern\u00e1n\",\"description\":\"Cl\u00ednica Dental Carabanchel | Dr. Tom\u00e1s Hern\u00e1n\",\"publisher\":{\"@id\":\"https:\\\/\\\/tomashernan.com\\\/en\\\/#organization\"},\"alternateName\":\"Cl\u00ednica TH\",\"potentialAction\":[{\"@type\":\"SearchAction\",\"target\":{\"@type\":\"EntryPoint\",\"urlTemplate\":\"https:\\\/\\\/tomashernan.com\\\/en\\\/?s={search_term_string}\"},\"query-input\":{\"@type\":\"PropertyValueSpecification\",\"valueRequired\":true,\"valueName\":\"search_term_string\"}}],\"inLanguage\":\"en-US\"},{\"@type\":\"Organization\",\"@id\":\"https:\\\/\\\/tomashernan.com\\\/en\\\/#organization\",\"name\":\"Cl\u00ednica Dental Dr. Tom\u00e1s Hern\u00e1n\",\"alternateName\":\"Cl\u00ednica Dental Carabanchel TH\",\"url\":\"https:\\\/\\\/tomashernan.com\\\/en\\\/\",\"logo\":{\"@type\":\"ImageObject\",\"inLanguage\":\"en-US\",\"@id\":\"https:\\\/\\\/tomashernan.com\\\/en\\\/#\\\/schema\\\/logo\\\/image\\\/\",\"url\":\"https:\\\/\\\/tomashernan.com\\\/wp-content\\\/uploads\\\/2026\\\/02\\\/logo-th-scaled.png\",\"contentUrl\":\"https:\\\/\\\/tomashernan.com\\\/wp-content\\\/uploads\\\/2026\\\/02\\\/logo-th-scaled.png\",\"width\":2560,\"height\":2048,\"caption\":\"Cl\u00ednica Dental Dr. Tom\u00e1s Hern\u00e1n\"},\"image\":{\"@id\":\"https:\\\/\\\/tomashernan.com\\\/en\\\/#\\\/schema\\\/logo\\\/image\\\/\"},\"sameAs\":[\"https:\\\/\\\/www.facebook.com\\\/dental.estetica.madrid\",\"https:\\\/\\\/www.instagram.com\\\/dental.estetica.madrid\\\/\",\"https:\\\/\\\/www.youtube.com\\\/channel\\\/UClwCoZ8DkBcU3KNJhUfUPQg\"]}]}<\/script>\n<!-- \/ Yoast SEO plugin. -->","yoast_head_json":{"title":"Cosmetic Dentistry in Carabanchel | TH Clinic","description":"Cosmetic dentistry in Carabanchel to improve your smile with natural results. Smile design, veneers, and whitening. Book an appointment.","robots":{"index":"index","follow":"follow","max-snippet":"max-snippet:-1","max-image-preview":"max-image-preview:large","max-video-preview":"max-video-preview:-1"},"canonical":"https:\/\/tomashernan.com\/en\/services\/cosmetic-dentistry\/","og_locale":"en_US","og_type":"article","og_title":"Cosmetic Dentistry in Carabanchel | TH Clinic","og_description":"Cosmetic dentistry in Carabanchel to improve your smile with natural results. Smile design, veneers, and whitening. Book an appointment.","og_url":"https:\/\/tomashernan.com\/en\/services\/cosmetic-dentistry\/","og_site_name":"Cl\u00ednica Dental Carabanchel | Dr. Tom\u00e1s Hern\u00e1n","article_publisher":"https:\/\/www.facebook.com\/dental.estetica.madrid","article_modified_time":"2026-02-26T09:20:31+00:00","og_image":[{"width":1200,"height":800,"url":"https:\/\/tomashernan.com\/wp-content\/uploads\/2025\/09\/IMG_9821.jpg","type":"image\/jpeg"}],"twitter_card":"summary_large_image","twitter_misc":{"Est. reading time":"1 minute"},"schema":{"@context":"https:\/\/schema.org","@graph":[{"@type":"WebPage","@id":"https:\/\/tomashernan.com\/en\/services\/cosmetic-dentistry\/","url":"https:\/\/tomashernan.com\/en\/services\/cosmetic-dentistry\/","name":"Cosmetic Dentistry in Carabanchel | TH Clinic","isPartOf":{"@id":"https:\/\/tomashernan.com\/en\/#website"},"primaryImageOfPage":{"@id":"https:\/\/tomashernan.com\/en\/services\/cosmetic-dentistry\/#primaryimage"},"image":{"@id":"https:\/\/tomashernan.com\/en\/services\/cosmetic-dentistry\/#primaryimage"},"thumbnailUrl":"https:\/\/tomashernan.com\/wp-content\/uploads\/2025\/09\/IMG_9821.jpg","datePublished":"2025-09-15T15:43:26+00:00","dateModified":"2026-02-26T09:20:31+00:00","description":"Cosmetic dentistry in Carabanchel to improve your smile with natural results. Smile design, veneers, and whitening. Book an appointment.","breadcrumb":{"@id":"https:\/\/tomashernan.com\/en\/services\/cosmetic-dentistry\/#breadcrumb"},"inLanguage":"en-US","potentialAction":[{"@type":"ReadAction","target":["https:\/\/tomashernan.com\/en\/services\/cosmetic-dentistry\/"]}]},{"@type":"ImageObject","inLanguage":"en-US","@id":"https:\/\/tomashernan.com\/en\/services\/cosmetic-dentistry\/#primaryimage","url":"https:\/\/tomashernan.com\/wp-content\/uploads\/2025\/09\/IMG_9821.jpg","contentUrl":"https:\/\/tomashernan.com\/wp-content\/uploads\/2025\/09\/IMG_9821.jpg","width":1200,"height":800,"caption":"Cosmetic Dentistry in Carabanchel"},{"@type":"BreadcrumbList","@id":"https:\/\/tomashernan.com\/en\/services\/cosmetic-dentistry\/#breadcrumb","itemListElement":[{"@type":"ListItem","position":1,"name":"Portada","item":"https:\/\/tomashernan.com\/en\/home\/"},{"@type":"ListItem","position":2,"name":"Services","item":"https:\/\/tomashernan.com\/en\/services\/"},{"@type":"ListItem","position":3,"name":"Cosmetic Dentistry"}]},{"@type":"WebSite","@id":"https:\/\/tomashernan.com\/en\/#website","url":"https:\/\/tomashernan.com\/en\/","name":"Cl\u00ednica Dental Carabanchel | Dr. Tom\u00e1s Hern\u00e1n","description":"Cl\u00ednica Dental Carabanchel | Dr. Tom\u00e1s Hern\u00e1n","publisher":{"@id":"https:\/\/tomashernan.com\/en\/#organization"},"alternateName":"Cl\u00ednica TH","potentialAction":[{"@type":"SearchAction","target":{"@type":"EntryPoint","urlTemplate":"https:\/\/tomashernan.com\/en\/?s={search_term_string}"},"query-input":{"@type":"PropertyValueSpecification","valueRequired":true,"valueName":"search_term_string"}}],"inLanguage":"en-US"},{"@type":"Organization","@id":"https:\/\/tomashernan.com\/en\/#organization","name":"Cl\u00ednica Dental Dr. Tom\u00e1s Hern\u00e1n","alternateName":"Cl\u00ednica Dental Carabanchel TH","url":"https:\/\/tomashernan.com\/en\/","logo":{"@type":"ImageObject","inLanguage":"en-US","@id":"https:\/\/tomashernan.com\/en\/#\/schema\/logo\/image\/","url":"https:\/\/tomashernan.com\/wp-content\/uploads\/2026\/02\/logo-th-scaled.png","contentUrl":"https:\/\/tomashernan.com\/wp-content\/uploads\/2026\/02\/logo-th-scaled.png","width":2560,"height":2048,"caption":"Cl\u00ednica Dental Dr. Tom\u00e1s Hern\u00e1n"},"image":{"@id":"https:\/\/tomashernan.com\/en\/#\/schema\/logo\/image\/"},"sameAs":["https:\/\/www.facebook.com\/dental.estetica.madrid","https:\/\/www.instagram.com\/dental.estetica.madrid\/","https:\/\/www.youtube.com\/channel\/UClwCoZ8DkBcU3KNJhUfUPQg"]}]}},"_links":{"self":[{"href":"https:\/\/tomashernan.com\/en\/wp-json\/wp\/v2\/pages\/40349","targetHints":{"allow":["GET"]}}],"collection":[{"href":"https:\/\/tomashernan.com\/en\/wp-json\/wp\/v2\/pages"}],"about":[{"href":"https:\/\/tomashernan.com\/en\/wp-json\/wp\/v2\/types\/page"}],"author":[{"embeddable":true,"href":"https:\/\/tomashernan.com\/en\/wp-json\/wp\/v2\/users\/1"}],"replies":[{"embeddable":true,"href":"https:\/\/tomashernan.com\/en\/wp-json\/wp\/v2\/comments?post=40349"}],"version-history":[{"count":2,"href":"https:\/\/tomashernan.com\/en\/wp-json\/wp\/v2\/pages\/40349\/revisions"}],"predecessor-version":[{"id":40810,"href":"https:\/\/tomashernan.com\/en\/wp-json\/wp\/v2\/pages\/40349\/revisions\/40810"}],"up":[{"embeddable":true,"href":"https:\/\/tomashernan.com\/en\/wp-json\/wp\/v2\/pages\/40248"}],"wp:featuredmedia":[{"embeddable":true,"href":"https:\/\/tomashernan.com\/en\/wp-json\/wp\/v2\/media\/40189"}],"wp:attachment":[{"href":"https:\/\/tomashernan.com\/en\/wp-json\/wp\/v2\/media?parent=40349"}],"curies":[{"name":"wp","href":"https:\/\/api.w.org\/{rel}","templated":true}]}}