{"id":40351,"date":"2025-09-15T17:49:42","date_gmt":"2025-09-15T15:49:42","guid":{"rendered":"https:\/\/tomashernan.com\/services\/endodontics\/"},"modified":"2026-02-26T10:20:31","modified_gmt":"2026-02-26T09:20:31","slug":"endodontics","status":"publish","type":"page","link":"https:\/\/tomashernan.com\/en\/services\/endodontics\/","title":{"rendered":"Endodontics"},"content":{"rendered":"\t\t<div data-elementor-type=\"wp-page\" data-elementor-id=\"40351\" class=\"elementor elementor-40351 elementor-91\" data-elementor-post-type=\"page\">\n\t\t\t\t<div class=\"elementor-element elementor-element-6b48b49e e-flex e-con-boxed e-con e-parent\" data-id=\"6b48b49e\" data-element_type=\"container\" data-e-type=\"container\">\n\t\t\t\t\t<div class=\"e-con-inner\">\n\t\t\t\t<div class=\"elementor-element elementor-element-5fddfee5 elementor-widget elementor-widget-heading\" data-id=\"5fddfee5\" data-element_type=\"widget\" data-e-type=\"widget\" data-widget_type=\"heading.default\">\n\t\t\t\t\t<p class=\"elementor-heading-title elementor-size-default\">SERVICES &gt; DENTISTRY &gt; Root Canal Treatment<\/p>\t\t\t\t<\/div>\n\t\t\t\t<div class=\"elementor-element elementor-element-63f2b9e2 elementor-widget elementor-widget-heading\" data-id=\"63f2b9e2\" data-element_type=\"widget\" data-e-type=\"widget\" data-widget_type=\"heading.default\">\n\t\t\t\t\t<h1 class=\"elementor-heading-title elementor-size-default\">ROOT CANAL TREATMENT IN CARABANCHEL<\/h1>\t\t\t\t<\/div>\n\t\t\t\t<div class=\"elementor-element elementor-element-bffc5e7 elementor-widget elementor-widget-image\" data-id=\"bffc5e7\" data-element_type=\"widget\" data-e-type=\"widget\" data-widget_type=\"image.default\">\n\t\t\t\t\t\t\t\t\t\t\t\t\t\t\t<img decoding=\"async\" width=\"1165\" height=\"2\" src=\"https:\/\/tomashernan.com\/wp-content\/uploads\/2025\/09\/separador.svg\" class=\"attachment-full size-full wp-image-40192\" alt=\"\" \/>\t\t\t\t\t\t\t\t\t\t\t\t\t\t\t<\/div>\n\t\t<div class=\"elementor-element elementor-element-354ff55e e-con-full e-flex e-con e-child\" data-id=\"354ff55e\" data-element_type=\"container\" data-e-type=\"container\">\n\t\t\t\t<div class=\"elementor-element elementor-element-4c592baf elementor-widget__width-initial elementor-widget elementor-widget-text-editor\" data-id=\"4c592baf\" data-element_type=\"widget\" data-e-type=\"widget\" data-widget_type=\"text-editor.default\">\n\t\t\t\t\t\t\t\t\t<p>Endodontic treatment to eliminate the infection and preserve your natural tooth. A precise, pain-free procedure performed by our oral health experts that avoids extractions and restores functionality. <\/p><p>It generally consists of removing the dental pulp and subsequently filling and sealing the pulp cavity.<\/p>\t\t\t\t\t\t\t\t<\/div>\n\t\t\t\t<div class=\"elementor-element elementor-element-a23e58d elementor-mobile-align-justify e-transform elementor-widget elementor-widget-button\" data-id=\"a23e58d\" data-element_type=\"widget\" data-e-type=\"widget\" data-settings=\"{&quot;_transform_translateY_effect_hover&quot;:{&quot;unit&quot;:&quot;px&quot;,&quot;size&quot;:-2,&quot;sizes&quot;:[]},&quot;_transform_translateX_effect_hover&quot;:{&quot;unit&quot;:&quot;px&quot;,&quot;size&quot;:&quot;&quot;,&quot;sizes&quot;:[]},&quot;_transform_translateX_effect_hover_widescreen&quot;:{&quot;unit&quot;:&quot;px&quot;,&quot;size&quot;:&quot;&quot;,&quot;sizes&quot;:[]},&quot;_transform_translateX_effect_hover_laptop&quot;:{&quot;unit&quot;:&quot;px&quot;,&quot;size&quot;:&quot;&quot;,&quot;sizes&quot;:[]},&quot;_transform_translateX_effect_hover_tablet&quot;:{&quot;unit&quot;:&quot;px&quot;,&quot;size&quot;:&quot;&quot;,&quot;sizes&quot;:[]},&quot;_transform_translateX_effect_hover_mobile&quot;:{&quot;unit&quot;:&quot;px&quot;,&quot;size&quot;:&quot;&quot;,&quot;sizes&quot;:[]},&quot;_transform_translateY_effect_hover_widescreen&quot;:{&quot;unit&quot;:&quot;px&quot;,&quot;size&quot;:&quot;&quot;,&quot;sizes&quot;:[]},&quot;_transform_translateY_effect_hover_laptop&quot;:{&quot;unit&quot;:&quot;px&quot;,&quot;size&quot;:&quot;&quot;,&quot;sizes&quot;:[]},&quot;_transform_translateY_effect_hover_tablet&quot;:{&quot;unit&quot;:&quot;px&quot;,&quot;size&quot;:&quot;&quot;,&quot;sizes&quot;:[]},&quot;_transform_translateY_effect_hover_mobile&quot;:{&quot;unit&quot;:&quot;px&quot;,&quot;size&quot;:&quot;&quot;,&quot;sizes&quot;:[]}}\" data-widget_type=\"button.default\">\n\t\t\t\t\t\t\t\t\t\t<a class=\"elementor-button elementor-button-link elementor-size-sm\" href=\"https:\/\/tomashernan.com\/en\/contact\/\">\n\t\t\t\t\t\t<span class=\"elementor-button-content-wrapper\">\n\t\t\t\t\t\t\t\t\t<span class=\"elementor-button-text\">Book an appointment<\/span>\n\t\t\t\t\t<\/span>\n\t\t\t\t\t<\/a>\n\t\t\t\t\t\t\t\t<\/div>\n\t\t<a class=\"elementor-element elementor-element-84457ea e-con-full e-flex e-con e-child\" data-id=\"84457ea\" data-element_type=\"container\" data-e-type=\"container\" data-settings=\"{&quot;background_background&quot;:&quot;classic&quot;}\" href=\"#resenas\">\n\t\t<div class=\"elementor-element elementor-element-93cd1cc e-con-full e-flex e-con e-child\" data-id=\"93cd1cc\" data-element_type=\"container\" data-e-type=\"container\">\n\t\t\t\t<div class=\"elementor-element elementor-element-dcddb87 elementor-widget elementor-widget-image\" data-id=\"dcddb87\" data-element_type=\"widget\" data-e-type=\"widget\" data-widget_type=\"image.default\">\n\t\t\t\t\t\t\t\t\t\t\t\t\t\t\t<img fetchpriority=\"high\" decoding=\"async\" width=\"628\" height=\"172\" src=\"https:\/\/tomashernan.com\/wp-content\/uploads\/2026\/02\/49-google.jpg\" class=\"attachment-large size-large wp-image-40669\" alt=\"\" srcset=\"https:\/\/tomashernan.com\/wp-content\/uploads\/2026\/02\/49-google.jpg 628w, https:\/\/tomashernan.com\/wp-content\/uploads\/2026\/02\/49-google-300x82.jpg 300w\" sizes=\"(max-width: 628px) 100vw, 628px\" \/>\t\t\t\t\t\t\t\t\t\t\t\t\t\t\t<\/div>\n\t\t\t\t<div class=\"elementor-element elementor-element-72b5285 elementor-widget elementor-widget-heading\" data-id=\"72b5285\" data-element_type=\"widget\" data-e-type=\"widget\" data-widget_type=\"heading.default\">\n\t\t\t\t\t<p class=\"elementor-heading-title elementor-size-default\">+300 verified reviews<\/p>\t\t\t\t<\/div>\n\t\t\t\t<\/div>\n\t\t\t\t<\/a>\n\t\t\t\t<\/div>\n\t\t\t\t\t<\/div>\n\t\t\t\t<\/div>\n\t\t<div class=\"elementor-element elementor-element-3aaa2293 e-flex e-con-boxed e-con e-parent\" data-id=\"3aaa2293\" data-element_type=\"container\" data-e-type=\"container\" data-settings=\"{&quot;background_background&quot;:&quot;video&quot;,&quot;background_video_link&quot;:&quot;https:\\\/\\\/tomashernan.com\\\/wp-content\\\/uploads\\\/2026\\\/02\\\/endodoncia.mp4&quot;,&quot;background_play_on_mobile&quot;:&quot;yes&quot;}\">\n\t\t\t\t\t<div class=\"e-con-inner\">\n\t\t<div class=\"elementor-background-video-container\">\n\t\t\t\t\t\t\t<video class=\"elementor-background-video-hosted\" role=\"presentation\" autoplay muted playsinline loop><\/video>\n\t\t\t\t\t<\/div>\t\t\t<\/div>\n\t\t\t\t<\/div>\n\t\t<div class=\"elementor-element elementor-element-ae8eda2 e-flex e-con-boxed e-con e-parent\" data-id=\"ae8eda2\" data-element_type=\"container\" data-e-type=\"container\">\n\t\t\t\t\t<div class=\"e-con-inner\">\n\t\t\t\t<div class=\"elementor-element elementor-element-678a40f elementor-widget elementor-widget-heading\" data-id=\"678a40f\" data-element_type=\"widget\" data-e-type=\"widget\" data-widget_type=\"heading.default\">\n\t\t\t\t\t<h2 class=\"elementor-heading-title elementor-size-default\">FAQs about <br> Root Canal Treatment<\/h2>\t\t\t\t<\/div>\n\t\t<div class=\"elementor-element elementor-element-c4730a1 e-grid e-con-full e-con e-child\" data-id=\"c4730a1\" data-element_type=\"container\" data-e-type=\"container\">\n\t\t<div class=\"elementor-element elementor-element-669b1d8 e-con-full e-flex e-con e-child\" data-id=\"669b1d8\" data-element_type=\"container\" data-e-type=\"container\" data-settings=\"{&quot;background_background&quot;:&quot;classic&quot;}\">\n\t\t\t\t<div class=\"elementor-element elementor-element-cc37a8d elementor-widget elementor-widget-heading\" data-id=\"cc37a8d\" data-element_type=\"widget\" data-e-type=\"widget\" data-widget_type=\"heading.default\">\n\t\t\t\t\t<h4 class=\"elementor-heading-title elementor-size-default\">What is the purpose of root canal treatment?\n<\/h4>\t\t\t\t<\/div>\n\t\t\t\t<div class=\"elementor-element elementor-element-3bae712 -paso-tratamiento elementor-widget elementor-widget-text-editor\" data-id=\"3bae712\" data-element_type=\"widget\" data-e-type=\"widget\" data-widget_type=\"text-editor.default\">\n\t\t\t\t\t\t\t\t\t<p>The purpose is to functionally preserve a tooth and the surrounding tissues, including the bone. Occasionally, it may also be necessary as a consequence of restorative procedures or fixed prosthetics. <\/p><p>The alternative is tooth loss with the consequences this entails, such as altered oral functionality or bone loss, for example.<\/p><p>In summary, it is a treatment focused on maintaining the tooth, preventing its loss and the subsequent need to place dental implants. <a href=\"https:\/\/youtu.be\/sknlrJ6enUg\">Consult us<\/a> about your root canal case in Carabanchel to obtain an accurate diagnosis.<\/p>\t\t\t\t\t\t\t\t<\/div>\n\t\t\t\t<\/div>\n\t\t<div class=\"elementor-element elementor-element-d37f1c4 e-con-full e-flex e-con e-child\" data-id=\"d37f1c4\" data-element_type=\"container\" data-e-type=\"container\" data-settings=\"{&quot;background_background&quot;:&quot;classic&quot;}\">\n\t\t\t\t<div class=\"elementor-element elementor-element-d8d46ff -paso-tratamiento elementor-widget elementor-widget-text-editor\" data-id=\"d8d46ff\" data-element_type=\"widget\" data-e-type=\"widget\" data-widget_type=\"text-editor.default\">\n\t\t\t\t\t\t\t\t\t<p><strong>Pulp protection:<\/strong> treatment performed using a type of provisional filling that aims for conservative recovery of pulp damage that is not yet irreversible.<\/p><p><strong>Pulp capping:<\/strong> medicinal isolation beneath fillings when the pulp or &#8220;nerve&#8221; has been exposed during cavity removal, tooth preparation, or dental trauma.<\/p><p><strong>Pulpotomy:<\/strong> partial superficial removal of the pulp, followed by coverage of the wound at the root entrance with medicinal substances.<\/p><p><strong>Pulpectomy:<\/strong> complete removal of the pulp, whether vital (biopulpectomy) or gangrenous (necropulpectomy), followed by disinfection, instrumentation, and filling or obturation of the root canal system where the pulp was located (root canal treatment). By convention, although improperly, root canal treatment (which requires prior pulpectomy) is usually called &#8220;endodontics,&#8221; and we will use this term throughout this information. It can be performed using different procedures (manual and\/or mechanical) and various materials and sealing or filling techniques.  <\/p>\t\t\t\t\t\t\t\t<\/div>\n\t\t\t\t<\/div>\n\t\t<div class=\"elementor-element elementor-element-b1aeeb3 e-con-full e-flex e-con e-child\" data-id=\"b1aeeb3\" data-element_type=\"container\" data-e-type=\"container\" data-settings=\"{&quot;background_background&quot;:&quot;classic&quot;}\">\n\t\t\t\t<div class=\"elementor-element elementor-element-0cc13d1 -paso-tratamiento elementor-widget elementor-widget-text-editor\" data-id=\"0cc13d1\" data-element_type=\"widget\" data-e-type=\"widget\" data-widget_type=\"text-editor.default\">\n\t\t\t\t\t\t\t\t\t<p><strong>Apexification:<\/strong> treatment of immature teeth in young people who have suffered cavities or trauma, but whose root has not finished forming and whose apical end is open, making conventional treatment impossible. It is performed with bioactive materials that facilitate the creation of an apical barrier. <\/p><p><b>Revascularization:<\/b> a regenerative treatment with an alternative biological approach to treat immature teeth with necrotic pulp due to cavities or trauma that, unlike techniques that advocate the use of apical barriers, allows the continuation of root development.<\/p><p><strong>Surgical endodontics or endodontic surgery:<\/strong> colloquially known as apicoectomy, the treatment is performed through an incision in the gum and the affected area of the root is repaired with an appropriate special seal, being indicated in cases where treatment through the crown is not possible.<\/p>\t\t\t\t\t\t\t\t<\/div>\n\t\t\t\t<\/div>\n\t\t\t\t<\/div>\n\t\t\t\t\t<\/div>\n\t\t\t\t<\/div>\n\t\t<div class=\"elementor-element elementor-element-239638d e-flex e-con-boxed e-con e-parent\" data-id=\"239638d\" data-element_type=\"container\" data-e-type=\"container\">\n\t\t\t\t\t<div class=\"e-con-inner\">\n\t\t\t\t<div class=\"elementor-element elementor-element-1e6ec7a elementor-mobile-align-justify e-transform elementor-align-center elementor-widget elementor-widget-button\" data-id=\"1e6ec7a\" data-element_type=\"widget\" data-e-type=\"widget\" data-settings=\"{&quot;_transform_translateY_effect_hover&quot;:{&quot;unit&quot;:&quot;px&quot;,&quot;size&quot;:-2,&quot;sizes&quot;:[]},&quot;_transform_translateX_effect_hover&quot;:{&quot;unit&quot;:&quot;px&quot;,&quot;size&quot;:&quot;&quot;,&quot;sizes&quot;:[]},&quot;_transform_translateX_effect_hover_widescreen&quot;:{&quot;unit&quot;:&quot;px&quot;,&quot;size&quot;:&quot;&quot;,&quot;sizes&quot;:[]},&quot;_transform_translateX_effect_hover_laptop&quot;:{&quot;unit&quot;:&quot;px&quot;,&quot;size&quot;:&quot;&quot;,&quot;sizes&quot;:[]},&quot;_transform_translateX_effect_hover_tablet&quot;:{&quot;unit&quot;:&quot;px&quot;,&quot;size&quot;:&quot;&quot;,&quot;sizes&quot;:[]},&quot;_transform_translateX_effect_hover_mobile&quot;:{&quot;unit&quot;:&quot;px&quot;,&quot;size&quot;:&quot;&quot;,&quot;sizes&quot;:[]},&quot;_transform_translateY_effect_hover_widescreen&quot;:{&quot;unit&quot;:&quot;px&quot;,&quot;size&quot;:&quot;&quot;,&quot;sizes&quot;:[]},&quot;_transform_translateY_effect_hover_laptop&quot;:{&quot;unit&quot;:&quot;px&quot;,&quot;size&quot;:&quot;&quot;,&quot;sizes&quot;:[]},&quot;_transform_translateY_effect_hover_tablet&quot;:{&quot;unit&quot;:&quot;px&quot;,&quot;size&quot;:&quot;&quot;,&quot;sizes&quot;:[]},&quot;_transform_translateY_effect_hover_mobile&quot;:{&quot;unit&quot;:&quot;px&quot;,&quot;size&quot;:&quot;&quot;,&quot;sizes&quot;:[]}}\" data-widget_type=\"button.default\">\n\t\t\t\t\t\t\t\t\t\t<a class=\"elementor-button elementor-button-link elementor-size-sm\" href=\"https:\/\/tomashernan.com\/en\/contact\/\">\n\t\t\t\t\t\t<span class=\"elementor-button-content-wrapper\">\n\t\t\t\t\t\t\t\t\t<span class=\"elementor-button-text\">Book an appointment<\/span>\n\t\t\t\t\t<\/span>\n\t\t\t\t\t<\/a>\n\t\t\t\t\t\t\t\t<\/div>\n\t\t\t\t\t<\/div>\n\t\t\t\t<\/div>\n\t\t\t\t<\/div>\n\t\t","protected":false},"excerpt":{"rendered":"<p>Root Canal Treatment in Carabanchel: save your tooth without pain. A precise and painless procedure, performed by oral health experts. <\/p>\n","protected":false},"author":1,"featured_media":40330,"parent":40248,"menu_order":0,"comment_status":"closed","ping_status":"closed","template":"","meta":{"_joinchat":[],"footnotes":""},"class_list":["post-40351","page","type-page","status-publish","has-post-thumbnail","hentry"],"yoast_head":"<!-- This site is optimized with the Yoast SEO plugin v27.4 - https:\/\/yoast.com\/product\/yoast-seo-wordpress\/ -->\n<title>Root Canal Treatment in Carabanchel | TH Clinic<\/title>\n<meta name=\"description\" content=\"Root Canal Treatment in Carabanchel: save your tooth without pain. A precise and painless procedure, performed by oral health experts.\" \/>\n<meta name=\"robots\" content=\"index, follow, max-snippet:-1, max-image-preview:large, max-video-preview:-1\" \/>\n<link rel=\"canonical\" href=\"https:\/\/tomashernan.com\/en\/services\/endodontics\/\" \/>\n<meta property=\"og:locale\" content=\"en_US\" \/>\n<meta property=\"og:type\" content=\"article\" \/>\n<meta property=\"og:title\" content=\"Root Canal Treatment in Carabanchel | TH Clinic\" \/>\n<meta property=\"og:description\" content=\"Root Canal Treatment in Carabanchel: save your tooth without pain. A precise and painless procedure, performed by oral health experts.\" \/>\n<meta property=\"og:url\" content=\"https:\/\/tomashernan.com\/en\/services\/endodontics\/\" \/>\n<meta property=\"og:site_name\" content=\"Cl\u00ednica Dental Carabanchel | Dr. Tom\u00e1s Hern\u00e1n\" \/>\n<meta property=\"article:publisher\" content=\"https:\/\/www.facebook.com\/dental.estetica.madrid\" \/>\n<meta property=\"article:modified_time\" content=\"2026-02-26T09:20:31+00:00\" \/>\n<meta property=\"og:image\" content=\"https:\/\/tomashernan.com\/wp-content\/uploads\/2026\/01\/gabinete-odontologo-carabanchel-1.webp\" \/>\n\t<meta property=\"og:image:width\" content=\"1500\" \/>\n\t<meta property=\"og:image:height\" content=\"1000\" \/>\n\t<meta property=\"og:image:type\" content=\"image\/webp\" \/>\n<meta name=\"twitter:card\" content=\"summary_large_image\" \/>\n<meta name=\"twitter:label1\" content=\"Est. reading time\" \/>\n\t<meta name=\"twitter:data1\" content=\"2 minutes\" \/>\n<script type=\"application\/ld+json\" class=\"yoast-schema-graph\">{\"@context\":\"https:\\\/\\\/schema.org\",\"@graph\":[{\"@type\":\"WebPage\",\"@id\":\"https:\\\/\\\/tomashernan.com\\\/en\\\/services\\\/endodontics\\\/\",\"url\":\"https:\\\/\\\/tomashernan.com\\\/en\\\/services\\\/endodontics\\\/\",\"name\":\"Root Canal Treatment in Carabanchel | TH Clinic\",\"isPartOf\":{\"@id\":\"https:\\\/\\\/tomashernan.com\\\/en\\\/#website\"},\"primaryImageOfPage\":{\"@id\":\"https:\\\/\\\/tomashernan.com\\\/en\\\/services\\\/endodontics\\\/#primaryimage\"},\"image\":{\"@id\":\"https:\\\/\\\/tomashernan.com\\\/en\\\/services\\\/endodontics\\\/#primaryimage\"},\"thumbnailUrl\":\"https:\\\/\\\/tomashernan.com\\\/wp-content\\\/uploads\\\/2026\\\/01\\\/gabinete-odontologo-carabanchel-1.webp\",\"datePublished\":\"2025-09-15T15:49:42+00:00\",\"dateModified\":\"2026-02-26T09:20:31+00:00\",\"description\":\"Root Canal Treatment in Carabanchel: save your tooth without pain. A precise and painless procedure, performed by oral health experts.\",\"breadcrumb\":{\"@id\":\"https:\\\/\\\/tomashernan.com\\\/en\\\/services\\\/endodontics\\\/#breadcrumb\"},\"inLanguage\":\"en-US\",\"potentialAction\":[{\"@type\":\"ReadAction\",\"target\":[\"https:\\\/\\\/tomashernan.com\\\/en\\\/services\\\/endodontics\\\/\"]}]},{\"@type\":\"ImageObject\",\"inLanguage\":\"en-US\",\"@id\":\"https:\\\/\\\/tomashernan.com\\\/en\\\/services\\\/endodontics\\\/#primaryimage\",\"url\":\"https:\\\/\\\/tomashernan.com\\\/wp-content\\\/uploads\\\/2026\\\/01\\\/gabinete-odontologo-carabanchel-1.webp\",\"contentUrl\":\"https:\\\/\\\/tomashernan.com\\\/wp-content\\\/uploads\\\/2026\\\/01\\\/gabinete-odontologo-carabanchel-1.webp\",\"width\":1500,\"height\":1000,\"caption\":\"carabanchel dental clinic treatment room\"},{\"@type\":\"BreadcrumbList\",\"@id\":\"https:\\\/\\\/tomashernan.com\\\/en\\\/services\\\/endodontics\\\/#breadcrumb\",\"itemListElement\":[{\"@type\":\"ListItem\",\"position\":1,\"name\":\"Portada\",\"item\":\"https:\\\/\\\/tomashernan.com\\\/en\\\/home\\\/\"},{\"@type\":\"ListItem\",\"position\":2,\"name\":\"Services\",\"item\":\"https:\\\/\\\/tomashernan.com\\\/en\\\/services\\\/\"},{\"@type\":\"ListItem\",\"position\":3,\"name\":\"Endodontics\"}]},{\"@type\":\"WebSite\",\"@id\":\"https:\\\/\\\/tomashernan.com\\\/en\\\/#website\",\"url\":\"https:\\\/\\\/tomashernan.com\\\/en\\\/\",\"name\":\"Cl\u00ednica Dental Carabanchel | Dr. Tom\u00e1s Hern\u00e1n\",\"description\":\"Cl\u00ednica Dental Carabanchel | Dr. Tom\u00e1s Hern\u00e1n\",\"publisher\":{\"@id\":\"https:\\\/\\\/tomashernan.com\\\/en\\\/#organization\"},\"alternateName\":\"Cl\u00ednica TH\",\"potentialAction\":[{\"@type\":\"SearchAction\",\"target\":{\"@type\":\"EntryPoint\",\"urlTemplate\":\"https:\\\/\\\/tomashernan.com\\\/en\\\/?s={search_term_string}\"},\"query-input\":{\"@type\":\"PropertyValueSpecification\",\"valueRequired\":true,\"valueName\":\"search_term_string\"}}],\"inLanguage\":\"en-US\"},{\"@type\":\"Organization\",\"@id\":\"https:\\\/\\\/tomashernan.com\\\/en\\\/#organization\",\"name\":\"Cl\u00ednica Dental Dr. Tom\u00e1s Hern\u00e1n\",\"alternateName\":\"Cl\u00ednica Dental Carabanchel TH\",\"url\":\"https:\\\/\\\/tomashernan.com\\\/en\\\/\",\"logo\":{\"@type\":\"ImageObject\",\"inLanguage\":\"en-US\",\"@id\":\"https:\\\/\\\/tomashernan.com\\\/en\\\/#\\\/schema\\\/logo\\\/image\\\/\",\"url\":\"https:\\\/\\\/tomashernan.com\\\/wp-content\\\/uploads\\\/2026\\\/02\\\/logo-th-scaled.png\",\"contentUrl\":\"https:\\\/\\\/tomashernan.com\\\/wp-content\\\/uploads\\\/2026\\\/02\\\/logo-th-scaled.png\",\"width\":2560,\"height\":2048,\"caption\":\"Cl\u00ednica Dental Dr. Tom\u00e1s Hern\u00e1n\"},\"image\":{\"@id\":\"https:\\\/\\\/tomashernan.com\\\/en\\\/#\\\/schema\\\/logo\\\/image\\\/\"},\"sameAs\":[\"https:\\\/\\\/www.facebook.com\\\/dental.estetica.madrid\",\"https:\\\/\\\/www.instagram.com\\\/dental.estetica.madrid\\\/\",\"https:\\\/\\\/www.youtube.com\\\/channel\\\/UClwCoZ8DkBcU3KNJhUfUPQg\"]}]}<\/script>\n<!-- \/ Yoast SEO plugin. -->","yoast_head_json":{"title":"Root Canal Treatment in Carabanchel | TH Clinic","description":"Root Canal Treatment in Carabanchel: save your tooth without pain. A precise and painless procedure, performed by oral health experts.","robots":{"index":"index","follow":"follow","max-snippet":"max-snippet:-1","max-image-preview":"max-image-preview:large","max-video-preview":"max-video-preview:-1"},"canonical":"https:\/\/tomashernan.com\/en\/services\/endodontics\/","og_locale":"en_US","og_type":"article","og_title":"Root Canal Treatment in Carabanchel | TH Clinic","og_description":"Root Canal Treatment in Carabanchel: save your tooth without pain. A precise and painless procedure, performed by oral health experts.","og_url":"https:\/\/tomashernan.com\/en\/services\/endodontics\/","og_site_name":"Cl\u00ednica Dental Carabanchel | Dr. Tom\u00e1s Hern\u00e1n","article_publisher":"https:\/\/www.facebook.com\/dental.estetica.madrid","article_modified_time":"2026-02-26T09:20:31+00:00","og_image":[{"width":1500,"height":1000,"url":"https:\/\/tomashernan.com\/wp-content\/uploads\/2026\/01\/gabinete-odontologo-carabanchel-1.webp","type":"image\/webp"}],"twitter_card":"summary_large_image","twitter_misc":{"Est. reading time":"2 minutes"},"schema":{"@context":"https:\/\/schema.org","@graph":[{"@type":"WebPage","@id":"https:\/\/tomashernan.com\/en\/services\/endodontics\/","url":"https:\/\/tomashernan.com\/en\/services\/endodontics\/","name":"Root Canal Treatment in Carabanchel | TH Clinic","isPartOf":{"@id":"https:\/\/tomashernan.com\/en\/#website"},"primaryImageOfPage":{"@id":"https:\/\/tomashernan.com\/en\/services\/endodontics\/#primaryimage"},"image":{"@id":"https:\/\/tomashernan.com\/en\/services\/endodontics\/#primaryimage"},"thumbnailUrl":"https:\/\/tomashernan.com\/wp-content\/uploads\/2026\/01\/gabinete-odontologo-carabanchel-1.webp","datePublished":"2025-09-15T15:49:42+00:00","dateModified":"2026-02-26T09:20:31+00:00","description":"Root Canal Treatment in Carabanchel: save your tooth without pain. A precise and painless procedure, performed by oral health experts.","breadcrumb":{"@id":"https:\/\/tomashernan.com\/en\/services\/endodontics\/#breadcrumb"},"inLanguage":"en-US","potentialAction":[{"@type":"ReadAction","target":["https:\/\/tomashernan.com\/en\/services\/endodontics\/"]}]},{"@type":"ImageObject","inLanguage":"en-US","@id":"https:\/\/tomashernan.com\/en\/services\/endodontics\/#primaryimage","url":"https:\/\/tomashernan.com\/wp-content\/uploads\/2026\/01\/gabinete-odontologo-carabanchel-1.webp","contentUrl":"https:\/\/tomashernan.com\/wp-content\/uploads\/2026\/01\/gabinete-odontologo-carabanchel-1.webp","width":1500,"height":1000,"caption":"carabanchel dental clinic treatment room"},{"@type":"BreadcrumbList","@id":"https:\/\/tomashernan.com\/en\/services\/endodontics\/#breadcrumb","itemListElement":[{"@type":"ListItem","position":1,"name":"Portada","item":"https:\/\/tomashernan.com\/en\/home\/"},{"@type":"ListItem","position":2,"name":"Services","item":"https:\/\/tomashernan.com\/en\/services\/"},{"@type":"ListItem","position":3,"name":"Endodontics"}]},{"@type":"WebSite","@id":"https:\/\/tomashernan.com\/en\/#website","url":"https:\/\/tomashernan.com\/en\/","name":"Cl\u00ednica Dental Carabanchel | Dr. Tom\u00e1s Hern\u00e1n","description":"Cl\u00ednica Dental Carabanchel | Dr. Tom\u00e1s Hern\u00e1n","publisher":{"@id":"https:\/\/tomashernan.com\/en\/#organization"},"alternateName":"Cl\u00ednica TH","potentialAction":[{"@type":"SearchAction","target":{"@type":"EntryPoint","urlTemplate":"https:\/\/tomashernan.com\/en\/?s={search_term_string}"},"query-input":{"@type":"PropertyValueSpecification","valueRequired":true,"valueName":"search_term_string"}}],"inLanguage":"en-US"},{"@type":"Organization","@id":"https:\/\/tomashernan.com\/en\/#organization","name":"Cl\u00ednica Dental Dr. Tom\u00e1s Hern\u00e1n","alternateName":"Cl\u00ednica Dental Carabanchel TH","url":"https:\/\/tomashernan.com\/en\/","logo":{"@type":"ImageObject","inLanguage":"en-US","@id":"https:\/\/tomashernan.com\/en\/#\/schema\/logo\/image\/","url":"https:\/\/tomashernan.com\/wp-content\/uploads\/2026\/02\/logo-th-scaled.png","contentUrl":"https:\/\/tomashernan.com\/wp-content\/uploads\/2026\/02\/logo-th-scaled.png","width":2560,"height":2048,"caption":"Cl\u00ednica Dental Dr. Tom\u00e1s Hern\u00e1n"},"image":{"@id":"https:\/\/tomashernan.com\/en\/#\/schema\/logo\/image\/"},"sameAs":["https:\/\/www.facebook.com\/dental.estetica.madrid","https:\/\/www.instagram.com\/dental.estetica.madrid\/","https:\/\/www.youtube.com\/channel\/UClwCoZ8DkBcU3KNJhUfUPQg"]}]}},"_links":{"self":[{"href":"https:\/\/tomashernan.com\/en\/wp-json\/wp\/v2\/pages\/40351","targetHints":{"allow":["GET"]}}],"collection":[{"href":"https:\/\/tomashernan.com\/en\/wp-json\/wp\/v2\/pages"}],"about":[{"href":"https:\/\/tomashernan.com\/en\/wp-json\/wp\/v2\/types\/page"}],"author":[{"embeddable":true,"href":"https:\/\/tomashernan.com\/en\/wp-json\/wp\/v2\/users\/1"}],"replies":[{"embeddable":true,"href":"https:\/\/tomashernan.com\/en\/wp-json\/wp\/v2\/comments?post=40351"}],"version-history":[{"count":2,"href":"https:\/\/tomashernan.com\/en\/wp-json\/wp\/v2\/pages\/40351\/revisions"}],"predecessor-version":[{"id":40812,"href":"https:\/\/tomashernan.com\/en\/wp-json\/wp\/v2\/pages\/40351\/revisions\/40812"}],"up":[{"embeddable":true,"href":"https:\/\/tomashernan.com\/en\/wp-json\/wp\/v2\/pages\/40248"}],"wp:featuredmedia":[{"embeddable":true,"href":"https:\/\/tomashernan.com\/en\/wp-json\/wp\/v2\/media\/40330"}],"wp:attachment":[{"href":"https:\/\/tomashernan.com\/en\/wp-json\/wp\/v2\/media?parent=40351"}],"curies":[{"name":"wp","href":"https:\/\/api.w.org\/{rel}","templated":true}]}}