{"id":40482,"date":"2025-10-29T09:23:19","date_gmt":"2025-10-29T08:23:19","guid":{"rendered":"https:\/\/tomashernan.com\/privacy-policy\/"},"modified":"2026-02-19T10:49:59","modified_gmt":"2026-02-19T09:49:59","slug":"privacy-policy","status":"publish","type":"page","link":"https:\/\/tomashernan.com\/en\/privacy-policy\/","title":{"rendered":"Privacy Policy"},"content":{"rendered":"\t\t<div data-elementor-type=\"wp-page\" data-elementor-id=\"40482\" class=\"elementor elementor-40482 elementor-38336\" data-elementor-post-type=\"page\">\n\t\t\t\t<div class=\"elementor-element elementor-element-eaa5553 e-flex e-con-boxed e-con e-parent\" data-id=\"eaa5553\" data-element_type=\"container\" data-e-type=\"container\">\n\t\t\t\t\t<div class=\"e-con-inner\">\n\t\t\t\t<div class=\"elementor-element elementor-element-b4681a7 elementor-widget elementor-widget-text-editor\" data-id=\"b4681a7\" data-element_type=\"widget\" data-e-type=\"widget\" data-widget_type=\"text-editor.default\">\n\t\t\t\t\t\t\t\t\t<h1 style=\"text-align: left;\"><strong>Privacy Policy<\/strong><\/h1><h2>I. PERSONAL DATA PROTECTION POLICY<\/h2><p>DENTAL HERNAN S.L. (the \u201cCompany\u201d) is an Organization that carries out personal data processing activities, which assigns it significant responsibility in the design and organization of procedures to ensure they are aligned with legal compliance in this area.<\/p><p>In the exercise of these responsibilities and with the aim of establishing the general principles that must govern the processing of personal data within the Company, it approves this Personal Data Protection Policy, which it notifies to its Employees and makes available to all its Stakeholders.<\/p><p><strong>1. Purpose.<br><\/strong>The Personal Data Protection Policy is a measure of proactive Responsibility aimed at ensuring compliance with applicable legislation in this area and, in relation to it, respecting the right to honor and privacy in the processing of personal data of all individuals who interact with the Company.<\/p><p>In development of the provisions of this Personal Data Protection Policy, the Principles governing data processing within the organization are established, and consequently, the procedures, and the organizational and security measures that individuals affected by this Policy commit to implementing within their scope of responsibility.<\/p><p>To this end, Management will assign responsibilities to the personnel involved in data processing operations.<\/p><p><strong>2. Scope of Application.<\/strong><br>This Personal Data Protection Policy shall apply to the Company, its administrators, directors, and employees, as well as to all individuals who interact with it, including service providers with access to data (\u201cData Processors\u201d).<\/p><p><strong>3. Principles of Personal Data Processing.<\/strong><br>As a general principle, the Company shall scrupulously comply with personal data protection legislation and must be able to demonstrate this (Principle of \u201cproactive accountability\u201d), paying special attention to those processing activities that may pose a greater risk to the rights of data subjects (Principle of \u201crisk-based approach\u201d).<\/p><p>In relation to the above, DENTAL HERNAN S.L. will ensure compliance with the following Principles:<\/p><p>\u2013 Lawfulness, fairness, transparency, and purpose limitation. Data processing must always be communicated to the data subject through clauses and other procedures; and it will only be considered legitimate if there is consent for data processing (with special attention to that provided by minors), or if it has another valid legal basis and its purpose is in accordance with Regulations. <\/p><p>\u2013 Data minimization. The data processed must be adequate, relevant, and limited to what is necessary in relation to the purposes of the processing. <\/p><p>\u2013 Accuracy. Data must be accurate and, if necessary, updated. In this regard, necessary measures will be adopted to ensure that personal data that is inaccurate with respect to the purposes of processing is deleted or rectified without delay.  <\/p><p>\u2013 Storage limitation. Data will be kept in a form that permits identification of data subjects for no longer than is necessary for the purposes of the processing. <\/p><p>\u2013 Integrity and Confidentiality. Data will be processed in a manner that ensures appropriate security of personal data, including protection against unauthorized or unlawful processing and against accidental loss, destruction, or damage, by applying appropriate technical or organizational measures. <\/p><p>\u2013 Data transfers. The purchase or obtaining of personal data from illegitimate sources or in cases where such data has been collected or transferred in contravention of the law or its legitimate origin is not sufficiently guaranteed is prohibited. <\/p><p>\u2013 Contracting of providers with access to data. Only providers offering sufficient guarantees to implement appropriate technical and security measures in data processing will be selected for contracting. A proper Agreement in this regard will be documented with these third parties.  <\/p><p>\u2013 International data transfers. All processing of personal data subject to European Union regulations that involves a data transfer outside the European Economic Area must be carried out in strict compliance with the requirements established in applicable law. <\/p><p>\u2013 Rights of data subjects. The Company will facilitate the exercise of the rights of access, rectification, erasure, restriction of processing, objection, and data portability for data subjects, establishing for this purpose the internal procedures, and in particular the necessary and appropriate forms for their exercise, which must satisfy, at least, the applicable legal requirements in each case. The Company will promote that the principles set out in this Personal Data Protection Policy are taken into account (i) in the design and implementation of all work procedures, (ii) in the products and services offered, (iii) in all contracts and obligations that are formalized or assumed, and (iv) in the implementation of any systems and platforms that allow access by employees or third parties and\/or the collection or processing of personal data.      <\/p><p><strong>4. Employee Commitment<\/strong><br>Employees are informed of this Policy and declare themselves aware that personal information is an asset of the Company, and in this regard, they adhere to it, committing to the following:<\/p><p>\u2013 Complete the data protection awareness training that the Company makes available to them.<\/p><p>\u2013 Apply the user-level security measures applicable to their job, without prejudice to the responsibilities in their design and implementation that may be attributed to them based on their role within DENTAL HERNAN S.L.<\/p><p>\u2013 Use the established formats for the exercise of Rights by data subjects and inform the Company immediately so that a response can be effectively provided.<\/p><p>\u2013 Inform the Company, as soon as they become aware, of deviations from what is established in this Policy, particularly regarding \u201cPersonal data security breaches,\u201d using the format established for this purpose.<\/p><p><strong>5. Control and Evaluation<\/strong><br>An annual verification, evaluation, and assessment of the effectiveness of technical and organizational measures to ensure processing security will be carried out, or whenever there are significant changes in data processing.<\/p><h3>TOM\u00c1S HERN\u00c1N<\/h3>\t\t\t\t\t\t\t\t<\/div>\n\t\t\t\t\t<\/div>\n\t\t\t\t<\/div>\n\t\t\t\t<\/div>\n\t\t","protected":false},"excerpt":{"rendered":"<p>Privacy Policy I. PERSONAL DATA PROTECTION POLICY DENTAL HERNAN S.L. (the \u201cCompany\u201d) is an Organization that carries out personal data processing activities, which assigns it significant responsibility in the design and organization of procedures to ensure they are aligned with legal compliance in this area. In the exercise of these responsibilities and with the aim [&hellip;]<\/p>\n","protected":false},"author":1,"featured_media":0,"parent":0,"menu_order":0,"comment_status":"closed","ping_status":"closed","template":"","meta":{"_joinchat":[],"footnotes":""},"class_list":["post-40482","page","type-page","status-publish","hentry"],"yoast_head":"<!-- This site is optimized with the Yoast SEO plugin v27.3 - https:\/\/yoast.com\/product\/yoast-seo-wordpress\/ -->\n<title>Privacy Policy | Cl\u00ednica TH<\/title>\n<meta name=\"robots\" content=\"index, follow, max-snippet:-1, max-image-preview:large, max-video-preview:-1\" \/>\n<link rel=\"canonical\" href=\"https:\/\/tomashernan.com\/en\/privacy-policy\/\" \/>\n<meta property=\"og:locale\" content=\"en_US\" \/>\n<meta property=\"og:type\" content=\"article\" \/>\n<meta property=\"og:title\" content=\"Privacy Policy | Cl\u00ednica TH\" \/>\n<meta property=\"og:description\" content=\"Privacy Policy I. PERSONAL DATA PROTECTION POLICY DENTAL HERNAN S.L. (the \u201cCompany\u201d) is an Organization that carries out personal data processing activities, which assigns it significant responsibility in the design and organization of procedures to ensure they are aligned with legal compliance in this area. In the exercise of these responsibilities and with the aim [&hellip;]\" \/>\n<meta property=\"og:url\" content=\"https:\/\/tomashernan.com\/en\/privacy-policy\/\" \/>\n<meta property=\"og:site_name\" content=\"Cl\u00ednica Dental Carabanchel | Dr. Tom\u00e1s Hern\u00e1n\" \/>\n<meta property=\"article:publisher\" content=\"https:\/\/www.facebook.com\/dental.estetica.madrid\" \/>\n<meta property=\"article:modified_time\" content=\"2026-02-19T09:49:59+00:00\" \/>\n<meta property=\"og:image\" content=\"https:\/\/tomashernan.com\/wp-content\/uploads\/2025\/12\/515932891_729548033332254_3031055330421805036_n.jpg\" \/>\n\t<meta property=\"og:image:width\" content=\"640\" \/>\n\t<meta property=\"og:image:height\" content=\"640\" \/>\n\t<meta property=\"og:image:type\" content=\"image\/jpeg\" \/>\n<meta name=\"twitter:card\" content=\"summary_large_image\" \/>\n<meta name=\"twitter:label1\" content=\"Est. reading time\" \/>\n\t<meta name=\"twitter:data1\" content=\"5 minutes\" \/>\n<script type=\"application\/ld+json\" class=\"yoast-schema-graph\">{\"@context\":\"https:\\\/\\\/schema.org\",\"@graph\":[{\"@type\":\"WebPage\",\"@id\":\"https:\\\/\\\/tomashernan.com\\\/en\\\/privacy-policy\\\/\",\"url\":\"https:\\\/\\\/tomashernan.com\\\/en\\\/privacy-policy\\\/\",\"name\":\"Privacy Policy | Cl\u00ednica TH\",\"isPartOf\":{\"@id\":\"https:\\\/\\\/tomashernan.com\\\/en\\\/#website\"},\"datePublished\":\"2025-10-29T08:23:19+00:00\",\"dateModified\":\"2026-02-19T09:49:59+00:00\",\"breadcrumb\":{\"@id\":\"https:\\\/\\\/tomashernan.com\\\/en\\\/privacy-policy\\\/#breadcrumb\"},\"inLanguage\":\"en-US\",\"potentialAction\":[{\"@type\":\"ReadAction\",\"target\":[\"https:\\\/\\\/tomashernan.com\\\/en\\\/privacy-policy\\\/\"]}]},{\"@type\":\"BreadcrumbList\",\"@id\":\"https:\\\/\\\/tomashernan.com\\\/en\\\/privacy-policy\\\/#breadcrumb\",\"itemListElement\":[{\"@type\":\"ListItem\",\"position\":1,\"name\":\"Portada\",\"item\":\"https:\\\/\\\/tomashernan.com\\\/en\\\/home\\\/\"},{\"@type\":\"ListItem\",\"position\":2,\"name\":\"Privacy Policy\"}]},{\"@type\":\"WebSite\",\"@id\":\"https:\\\/\\\/tomashernan.com\\\/en\\\/#website\",\"url\":\"https:\\\/\\\/tomashernan.com\\\/en\\\/\",\"name\":\"Cl\u00ednica Dental Carabanchel | Dr. Tom\u00e1s Hern\u00e1n\",\"description\":\"Cl\u00ednica Dental Carabanchel | Dr. Tom\u00e1s Hern\u00e1n\",\"publisher\":{\"@id\":\"https:\\\/\\\/tomashernan.com\\\/en\\\/#organization\"},\"alternateName\":\"Cl\u00ednica TH\",\"potentialAction\":[{\"@type\":\"SearchAction\",\"target\":{\"@type\":\"EntryPoint\",\"urlTemplate\":\"https:\\\/\\\/tomashernan.com\\\/en\\\/?s={search_term_string}\"},\"query-input\":{\"@type\":\"PropertyValueSpecification\",\"valueRequired\":true,\"valueName\":\"search_term_string\"}}],\"inLanguage\":\"en-US\"},{\"@type\":\"Organization\",\"@id\":\"https:\\\/\\\/tomashernan.com\\\/en\\\/#organization\",\"name\":\"Cl\u00ednica Dental Dr. Tom\u00e1s Hern\u00e1n\",\"alternateName\":\"Cl\u00ednica Dental Carabanchel TH\",\"url\":\"https:\\\/\\\/tomashernan.com\\\/en\\\/\",\"logo\":{\"@type\":\"ImageObject\",\"inLanguage\":\"en-US\",\"@id\":\"https:\\\/\\\/tomashernan.com\\\/en\\\/#\\\/schema\\\/logo\\\/image\\\/\",\"url\":\"https:\\\/\\\/tomashernan.com\\\/wp-content\\\/uploads\\\/2026\\\/02\\\/logo-th-scaled.png\",\"contentUrl\":\"https:\\\/\\\/tomashernan.com\\\/wp-content\\\/uploads\\\/2026\\\/02\\\/logo-th-scaled.png\",\"width\":2560,\"height\":2048,\"caption\":\"Cl\u00ednica Dental Dr. Tom\u00e1s Hern\u00e1n\"},\"image\":{\"@id\":\"https:\\\/\\\/tomashernan.com\\\/en\\\/#\\\/schema\\\/logo\\\/image\\\/\"},\"sameAs\":[\"https:\\\/\\\/www.facebook.com\\\/dental.estetica.madrid\",\"https:\\\/\\\/www.instagram.com\\\/dental.estetica.madrid\\\/\",\"https:\\\/\\\/www.youtube.com\\\/channel\\\/UClwCoZ8DkBcU3KNJhUfUPQg\"]}]}<\/script>\n<!-- \/ Yoast SEO plugin. -->","yoast_head_json":{"title":"Privacy Policy | Cl\u00ednica TH","robots":{"index":"index","follow":"follow","max-snippet":"max-snippet:-1","max-image-preview":"max-image-preview:large","max-video-preview":"max-video-preview:-1"},"canonical":"https:\/\/tomashernan.com\/en\/privacy-policy\/","og_locale":"en_US","og_type":"article","og_title":"Privacy Policy | Cl\u00ednica TH","og_description":"Privacy Policy I. PERSONAL DATA PROTECTION POLICY DENTAL HERNAN S.L. (the \u201cCompany\u201d) is an Organization that carries out personal data processing activities, which assigns it significant responsibility in the design and organization of procedures to ensure they are aligned with legal compliance in this area. In the exercise of these responsibilities and with the aim [&hellip;]","og_url":"https:\/\/tomashernan.com\/en\/privacy-policy\/","og_site_name":"Cl\u00ednica Dental Carabanchel | Dr. Tom\u00e1s Hern\u00e1n","article_publisher":"https:\/\/www.facebook.com\/dental.estetica.madrid","article_modified_time":"2026-02-19T09:49:59+00:00","og_image":[{"width":640,"height":640,"url":"https:\/\/tomashernan.com\/wp-content\/uploads\/2025\/12\/515932891_729548033332254_3031055330421805036_n.jpg","type":"image\/jpeg"}],"twitter_card":"summary_large_image","twitter_misc":{"Est. reading time":"5 minutes"},"schema":{"@context":"https:\/\/schema.org","@graph":[{"@type":"WebPage","@id":"https:\/\/tomashernan.com\/en\/privacy-policy\/","url":"https:\/\/tomashernan.com\/en\/privacy-policy\/","name":"Privacy Policy | Cl\u00ednica TH","isPartOf":{"@id":"https:\/\/tomashernan.com\/en\/#website"},"datePublished":"2025-10-29T08:23:19+00:00","dateModified":"2026-02-19T09:49:59+00:00","breadcrumb":{"@id":"https:\/\/tomashernan.com\/en\/privacy-policy\/#breadcrumb"},"inLanguage":"en-US","potentialAction":[{"@type":"ReadAction","target":["https:\/\/tomashernan.com\/en\/privacy-policy\/"]}]},{"@type":"BreadcrumbList","@id":"https:\/\/tomashernan.com\/en\/privacy-policy\/#breadcrumb","itemListElement":[{"@type":"ListItem","position":1,"name":"Portada","item":"https:\/\/tomashernan.com\/en\/home\/"},{"@type":"ListItem","position":2,"name":"Privacy Policy"}]},{"@type":"WebSite","@id":"https:\/\/tomashernan.com\/en\/#website","url":"https:\/\/tomashernan.com\/en\/","name":"Cl\u00ednica Dental Carabanchel | Dr. Tom\u00e1s Hern\u00e1n","description":"Cl\u00ednica Dental Carabanchel | Dr. Tom\u00e1s Hern\u00e1n","publisher":{"@id":"https:\/\/tomashernan.com\/en\/#organization"},"alternateName":"Cl\u00ednica TH","potentialAction":[{"@type":"SearchAction","target":{"@type":"EntryPoint","urlTemplate":"https:\/\/tomashernan.com\/en\/?s={search_term_string}"},"query-input":{"@type":"PropertyValueSpecification","valueRequired":true,"valueName":"search_term_string"}}],"inLanguage":"en-US"},{"@type":"Organization","@id":"https:\/\/tomashernan.com\/en\/#organization","name":"Cl\u00ednica Dental Dr. Tom\u00e1s Hern\u00e1n","alternateName":"Cl\u00ednica Dental Carabanchel TH","url":"https:\/\/tomashernan.com\/en\/","logo":{"@type":"ImageObject","inLanguage":"en-US","@id":"https:\/\/tomashernan.com\/en\/#\/schema\/logo\/image\/","url":"https:\/\/tomashernan.com\/wp-content\/uploads\/2026\/02\/logo-th-scaled.png","contentUrl":"https:\/\/tomashernan.com\/wp-content\/uploads\/2026\/02\/logo-th-scaled.png","width":2560,"height":2048,"caption":"Cl\u00ednica Dental Dr. Tom\u00e1s Hern\u00e1n"},"image":{"@id":"https:\/\/tomashernan.com\/en\/#\/schema\/logo\/image\/"},"sameAs":["https:\/\/www.facebook.com\/dental.estetica.madrid","https:\/\/www.instagram.com\/dental.estetica.madrid\/","https:\/\/www.youtube.com\/channel\/UClwCoZ8DkBcU3KNJhUfUPQg"]}]}},"_links":{"self":[{"href":"https:\/\/tomashernan.com\/en\/wp-json\/wp\/v2\/pages\/40482","targetHints":{"allow":["GET"]}}],"collection":[{"href":"https:\/\/tomashernan.com\/en\/wp-json\/wp\/v2\/pages"}],"about":[{"href":"https:\/\/tomashernan.com\/en\/wp-json\/wp\/v2\/types\/page"}],"author":[{"embeddable":true,"href":"https:\/\/tomashernan.com\/en\/wp-json\/wp\/v2\/users\/1"}],"replies":[{"embeddable":true,"href":"https:\/\/tomashernan.com\/en\/wp-json\/wp\/v2\/comments?post=40482"}],"version-history":[{"count":1,"href":"https:\/\/tomashernan.com\/en\/wp-json\/wp\/v2\/pages\/40482\/revisions"}],"predecessor-version":[{"id":40483,"href":"https:\/\/tomashernan.com\/en\/wp-json\/wp\/v2\/pages\/40482\/revisions\/40483"}],"wp:attachment":[{"href":"https:\/\/tomashernan.com\/en\/wp-json\/wp\/v2\/media?parent=40482"}],"curies":[{"name":"wp","href":"https:\/\/api.w.org\/{rel}","templated":true}]}}